{"id":523,"date":"2024-02-11T07:00:23","date_gmt":"2024-02-11T07:00:23","guid":{"rendered":"https:\/\/daxx.lohatheme.com\/?page_id=523"},"modified":"2026-01-22T14:16:08","modified_gmt":"2026-01-22T11:16:08","slug":"randevu","status":"publish","type":"page","link":"https:\/\/enestateturkiye.com\/tr\/randevu\/","title":{"rendered":"Randevu"},"content":{"rendered":"<div data-elementor-type=\"wp-page\" data-elementor-id=\"523\" class=\"elementor elementor-523\">\n\t\t\t\t\t\t<section class=\"elementor-section elementor-top-section elementor-element elementor-element-36315c9 elementor-section-full_width elementor-section-height-default elementor-section-height-default\" data-id=\"36315c9\" data-element_type=\"section\" data-e-type=\"section\">\n\t\t\t\t\t\t<div class=\"elementor-container elementor-column-gap-no\">\n\t\t\t\t\t<div class=\"elementor-column elementor-col-100 elementor-top-column elementor-element elementor-element-2369be2\" data-id=\"2369be2\" data-element_type=\"column\" data-e-type=\"column\">\n\t\t\t<div class=\"elementor-widget-wrap elementor-element-populated\">\n\t\t\t\t\t\t<div class=\"elementor-element elementor-element-f068e1c elementor-align-left elementor-widget elementor-widget-bdevs-page-banner\" data-id=\"f068e1c\" data-element_type=\"widget\" data-e-type=\"widget\" data-widget_type=\"bdevs-page-banner.default\">\n\t\t\t\t<div class=\"elementor-widget-container\">\n\t\t\t\t\t  \r\n    <!-- Banner Section Start -->\r\n        <section class=\"banner-area pt-220 pb-250 rpt-150 rpb-100 corner-shapes-wrap\" style=\"background-image: url(https:\/\/enestateturkiye.com\/wp-content\/uploads\/2026\/01\/25441.jpg);\">\r\n            <div class=\"corner-shapes\"><\/div>\r\n        <div class=\"container container-1170 pb-200 rpb-0\">\r\n            <div class=\"row align-items-center justify-content-between\">\r\n                <div class=\"col-xl-8 col-lg-12\">\r\n                    <div class=\"banner-content rmb-65 wow fadeInUp delay-0-2s\">\r\n                        <nav aria-label=\"breadcrumb\" class=\"mb-35 rmb-20\">\r\n                            <ol class=\"breadcrumb wow fadeInUp delay-0-4s\">\r\n                                                                <li class=\"breadcrumb-item\"><a href=\"https:\/\/enestateturkiye.com\/tr\/\">Anasayfa<\/a><\/li>\r\n                                                                                                <li class=\"breadcrumb-item active\">Randevu<\/li>\r\n                                                            <\/ol>\r\n                        <\/nav>\r\n                                                <h1>Randevu<\/h1>\r\n                                                                    <\/div>\r\n                <\/div>\r\n            <\/div>\r\n        <\/div>\r\n    <\/section>\r\n    <!-- Banner Section End -->\r\n    \t\t\t\t<\/div>\n\t\t\t\t<\/div>\n\t\t\t\t\t<\/div>\n\t\t<\/div>\n\t\t\t\t\t<\/div>\n\t\t<\/section>\n\t\t\t\t<section class=\"elementor-section elementor-top-section elementor-element elementor-element-c1a481e elementor-section-full_width elementor-section-height-default elementor-section-height-default\" data-id=\"c1a481e\" data-element_type=\"section\" data-e-type=\"section\">\n\t\t\t\t\t\t<div class=\"elementor-container elementor-column-gap-no\">\n\t\t\t\t\t<div class=\"elementor-column elementor-col-100 elementor-top-column elementor-element elementor-element-bb3f5a5\" data-id=\"bb3f5a5\" data-element_type=\"column\" data-e-type=\"column\">\n\t\t\t<div class=\"elementor-widget-wrap elementor-element-populated\">\n\t\t\t\t\t\t<div class=\"elementor-element elementor-element-2fbc17a elementor-align-left elementor-widget elementor-widget-bdevs-schedule-form\" data-id=\"2fbc17a\" data-element_type=\"widget\" data-e-type=\"widget\" data-widget_type=\"bdevs-schedule-form.default\">\n\t\t\t\t<div class=\"elementor-widget-container\">\n\t\t\t\t\t        <!-- Schedule Form Area start -->\r\n        <section class=\"schedule-form-area py-120\">\r\n            <div class=\"container\">\r\n                <div class=\"row align-items-center\">\r\n                                        <div class=\"col-xl-6 col-lg-4\">\r\n                        <div class=\"schedule-form-image rmb-55 wow fadeInLeft delay-0-2s\">\r\n                            <img decoding=\"async\" src=\"https:\/\/enestateturkiye.com\/wp-content\/uploads\/2026\/01\/14788.jpg\" alt=\"Schedule Form\">\r\n                        <\/div>\r\n                    <\/div>\r\n                                        <div class=\"col-xl-6 col-lg-8\">\r\n                       <div class=\"schedule-form-part wow fadeInRight delay-0-2s\">\r\n                           <div class=\"section-title mb-40\">\r\n                                                                <h3>G\u00fcvenilirlik ve ki\u015fisel dan\u0131\u015fmanl\u0131k m\u0131 istiyorsunuz? Hemen bizimle g\u00f6r\u00fc\u015fme randevusu al\u0131n.<\/h3><br>\r\n                                                                                           <\/div>                           \r\n                            \n<div class=\"wpcf7 no-js\" id=\"wpcf7-f1831-o1\" lang=\"en-US\" dir=\"ltr\" data-wpcf7-id=\"1831\">\n<div class=\"screen-reader-response\"><p role=\"status\" aria-live=\"polite\" aria-atomic=\"true\"><\/p> <ul><\/ul><\/div>\n<form action=\"\/tr\/wp-json\/wp\/v2\/pages\/523#wpcf7-f1831-o1\" method=\"post\" class=\"wpcf7-form init\" aria-label=\"Contact form\" novalidate=\"novalidate\" data-status=\"init\" data-trp-original-action=\"\/tr\/wp-json\/wp\/v2\/pages\/523#wpcf7-f1831-o1\">\n<fieldset class=\"hidden-fields-container\"><input type=\"hidden\" name=\"_wpcf7\" value=\"1831\" \/><input type=\"hidden\" name=\"_wpcf7_version\" value=\"6.1.5\" \/><input type=\"hidden\" name=\"_wpcf7_locale\" value=\"en_US\" \/><input type=\"hidden\" name=\"_wpcf7_unit_tag\" value=\"wpcf7-f1831-o1\" \/><input type=\"hidden\" name=\"_wpcf7_container_post\" value=\"0\" \/><input type=\"hidden\" name=\"_wpcf7_posted_data_hash\" value=\"\" \/>\n<\/fieldset>\n<div id=\"scheduleForm\" class=\"schedule-form scheduleForm\">\n\t<div class=\"select-radio-date pb-15\">\n\t\t<p><span class=\"wpcf7-form-control-wrap\" data-name=\"radio-130\"><span class=\"wpcf7-form-control wpcf7-radio\"><span class=\"wpcf7-list-item first\"><input type=\"radio\" name=\"radio-130\" value=\"Ma.\" checked=\"checked\" \/><span class=\"wpcf7-list-item-label\">Pzt.<\/span><\/span><span class=\"wpcf7-list-item\"><input type=\"radio\" name=\"radio-130\" value=\"Di.\" \/><span class=\"wpcf7-list-item-label\">Sal.<\/span><\/span><span class=\"wpcf7-list-item\"><input type=\"radio\" name=\"radio-130\" value=\"Wo.\" \/><span class=\"wpcf7-list-item-label\">\u00c7ar<\/span><\/span><span class=\"wpcf7-list-item\"><input type=\"radio\" name=\"radio-130\" value=\"Do.\" \/><span class=\"wpcf7-list-item-label\">Per.<\/span><\/span><span class=\"wpcf7-list-item\"><input type=\"radio\" name=\"radio-130\" value=\"Vr.\" \/><span class=\"wpcf7-list-item-label\">Cum.<\/span><\/span><span class=\"wpcf7-list-item last\"><input type=\"radio\" name=\"radio-130\" value=\"Za.\" \/><span class=\"wpcf7-list-item-label\">Cmt.<\/span><\/span><\/span><\/span>\n\t\t<\/p>\n\t<\/div>\n\t<div class=\"form-group\">\n\t\t<p><span class=\"wpcf7-form-control-wrap\" data-name=\"text-176\"><input size=\"40\" maxlength=\"400\" class=\"wpcf7-form-control wpcf7-text wpcf7-validates-as-required form-control\" id=\"name\" aria-required=\"true\" aria-invalid=\"false\" placeholder=\"Ad\" value=\"\" type=\"text\" name=\"text-176\" \/><\/span>\n\t\t<\/p>\n\t<\/div>\n\t<div class=\"form-group\">\n\t\t<p><span class=\"wpcf7-form-control-wrap\" data-name=\"text-454\"><input size=\"40\" maxlength=\"400\" class=\"wpcf7-form-control wpcf7-text wpcf7-validates-as-required form-control\" id=\"phone\" aria-required=\"true\" aria-invalid=\"false\" placeholder=\"Telefon\" value=\"\" type=\"text\" name=\"text-454\" \/><\/span>\n\t\t<\/p>\n\t<\/div>\n\t<div class=\"form-group\">\n\t\t<p><span class=\"wpcf7-form-control-wrap\" data-name=\"email-633\"><input size=\"40\" maxlength=\"400\" class=\"wpcf7-form-control wpcf7-email wpcf7-validates-as-required wpcf7-text wpcf7-validates-as-email form-control\" id=\"email\" aria-required=\"true\" aria-invalid=\"false\" placeholder=\"Email\" value=\"\" type=\"email\" name=\"email-633\" \/><\/span>\n\t\t<\/p>\n\t<\/div>\n\t<div class=\"form-group text-center mb-0\">\n\t\t<p><input class=\"wpcf7-form-control wpcf7-submit has-spinner theme-btn style-three w-100\" type=\"submit\" value=\"Mesaj g\u00f6nder\" \/>\n\t\t<\/p>\n\t<\/div>\n<\/div><div class=\"wpcf7-response-output\" aria-hidden=\"true\"><\/div>\n<input type=\"hidden\" name=\"trp-form-language\" value=\"tr\"\/><\/form>\n<\/div>\n  \r\n                       <\/div>\r\n                    <\/div>\r\n                <\/div>\r\n            <\/div>\r\n        <\/section>\r\n        <!-- Schedule Form Area end -->\r\n    \t\t\t\t<\/div>\n\t\t\t\t<\/div>\n\t\t\t\t\t<\/div>\n\t\t<\/div>\n\t\t\t\t\t<\/div>\n\t\t<\/section>\n\t\t\t\t<section class=\"elementor-section elementor-top-section elementor-element elementor-element-41e5c85 elementor-section-full_width elementor-section-height-default elementor-section-height-default\" data-id=\"41e5c85\" data-element_type=\"section\" data-e-type=\"section\" id=\"map\">\n\t\t\t\t\t\t<div class=\"elementor-container elementor-column-gap-no\">\n\t\t\t\t\t<div class=\"elementor-column elementor-col-100 elementor-top-column elementor-element elementor-element-4be0e82\" data-id=\"4be0e82\" data-element_type=\"column\" data-e-type=\"column\">\n\t\t\t<div class=\"elementor-widget-wrap elementor-element-populated\">\n\t\t\t\t\t\t<div class=\"elementor-element elementor-element-bb7b359 elementor-widget elementor-widget-google_maps\" data-id=\"bb7b359\" data-element_type=\"widget\" data-e-type=\"widget\" data-widget_type=\"google_maps.default\">\n\t\t\t\t\t\t\t<div class=\"elementor-custom-embed\">\n\t\t\t<iframe loading=\"lazy\"\n\t\t\t\t\tsrc=\"https:\/\/maps.google.com\/maps?q=%C3%87a%C4%9Flayan%20Mah.%20Bar%C4%B1naklar%20Bul.%20Atmaca%20Apt.%202%2F2%2C%2007230%20Antalya&#038;t=m&#038;z=9&#038;output=embed&#038;iwloc=near\"\n\t\t\t\t\ttitle=\"\u00c7a\u011flayan Mah. Bar\u0131naklar Bul. Atmaca Apt. 2\/2, 07230 Antalya\"\n\t\t\t\t\taria-label=\"\u00c7a\u011flayan Mah. Bar\u0131naklar Bul. Atmaca Apt. 2\/2, 07230 Antalya\"\n\t\t\t><\/iframe>\n\t\t<\/div>\n\t\t\t\t\t\t<\/div>\n\t\t\t\t\t<\/div>\n\t\t<\/div>\n\t\t\t\t\t<\/div>\n\t\t<\/section>\n\t\t\t\t<\/div>","protected":false},"excerpt":{"rendered":"<p>Startpagina Afspraak Afspraak Wilt u zekerheid en persoonlijk advies? Plan direct uw gesprek met ons in. Ma.Di.Wo.Do.Vr.Za.<\/p>","protected":false},"author":1,"featured_media":0,"parent":0,"menu_order":0,"comment_status":"closed","ping_status":"closed","template":"page-templates\/home.php","meta":{"_monsterinsights_skip_tracking":false,"_monsterinsights_sitenote_active":false,"_monsterinsights_sitenote_note":"","_monsterinsights_sitenote_category":0,"footnotes":""},"class_list":["post-523","page","type-page","status-publish","hentry"],"_links":{"self":[{"href":"https:\/\/enestateturkiye.com\/tr\/wp-json\/wp\/v2\/pages\/523","targetHints":{"allow":["GET"]}}],"collection":[{"href":"https:\/\/enestateturkiye.com\/tr\/wp-json\/wp\/v2\/pages"}],"about":[{"href":"https:\/\/enestateturkiye.com\/tr\/wp-json\/wp\/v2\/types\/page"}],"author":[{"embeddable":true,"href":"https:\/\/enestateturkiye.com\/tr\/wp-json\/wp\/v2\/users\/1"}],"replies":[{"embeddable":true,"href":"https:\/\/enestateturkiye.com\/tr\/wp-json\/wp\/v2\/comments?post=523"}],"version-history":[{"count":40,"href":"https:\/\/enestateturkiye.com\/tr\/wp-json\/wp\/v2\/pages\/523\/revisions"}],"predecessor-version":[{"id":3144,"href":"https:\/\/enestateturkiye.com\/tr\/wp-json\/wp\/v2\/pages\/523\/revisions\/3144"}],"wp:attachment":[{"href":"https:\/\/enestateturkiye.com\/tr\/wp-json\/wp\/v2\/media?parent=523"}],"curies":[{"name":"wp","href":"https:\/\/api.w.org\/{rel}","templated":true}]}}