{"id":3003,"date":"2025-11-10T13:25:37","date_gmt":"2025-11-10T10:25:37","guid":{"rendered":"https:\/\/enestateturkiye.com\/?page_id=3003"},"modified":"2026-01-22T14:10:58","modified_gmt":"2026-01-22T11:10:58","slug":"blog","status":"publish","type":"page","link":"https:\/\/enestateturkiye.com\/tr\/blog\/","title":{"rendered":"Blog"},"content":{"rendered":"<div data-elementor-type=\"wp-page\" data-elementor-id=\"3003\" class=\"elementor elementor-3003\">\n\t\t\t\t\t\t<section class=\"elementor-section elementor-top-section elementor-element elementor-element-c402938 elementor-section-full_width elementor-section-height-default elementor-section-height-default\" data-id=\"c402938\" data-element_type=\"section\" data-e-type=\"section\">\n\t\t\t\t\t\t<div class=\"elementor-container elementor-column-gap-no\">\n\t\t\t\t\t<div class=\"elementor-column elementor-col-100 elementor-top-column elementor-element elementor-element-c1598d1\" data-id=\"c1598d1\" data-element_type=\"column\" data-e-type=\"column\">\n\t\t\t<div class=\"elementor-widget-wrap elementor-element-populated\">\n\t\t\t\t\t\t<div class=\"elementor-element elementor-element-fb7f81f elementor-align-left elementor-widget elementor-widget-bdevs-page-banner\" data-id=\"fb7f81f\" data-element_type=\"widget\" data-e-type=\"widget\" data-widget_type=\"bdevs-page-banner.default\">\n\t\t\t\t<div class=\"elementor-widget-container\">\n\t\t\t\t\t  \r\n    <!-- Banner Section Start -->\r\n        <section class=\"banner-area pt-220 pb-250 rpt-150 rpb-100 corner-shapes-wrap\" style=\"background-image: url(https:\/\/enestateturkiye.com\/wp-content\/uploads\/2026\/01\/631.jpg);\">\r\n            <div class=\"corner-shapes\"><\/div>\r\n        <div class=\"container container-1170 pb-200 rpb-0\">\r\n            <div class=\"row align-items-center justify-content-between\">\r\n                <div class=\"col-xl-8 col-lg-12\">\r\n                    <div class=\"banner-content rmb-65 wow fadeInUp delay-0-2s\">\r\n                        <nav aria-label=\"breadcrumb\" class=\"mb-35 rmb-20\">\r\n                            <ol class=\"breadcrumb wow fadeInUp delay-0-4s\">\r\n                                                                <li class=\"breadcrumb-item\"><a href=\"https:\/\/enestateturkiye.com\/tr\/\">enestate<\/a><\/li>\r\n                                                                                                <li class=\"breadcrumb-item active\">Blog<\/li>\r\n                                                            <\/ol>\r\n                        <\/nav>\r\n                                                <h1>Blog<\/h1>\r\n                                                                    <\/div>\r\n                <\/div>\r\n            <\/div>\r\n        <\/div>\r\n    <\/section>\r\n    <!-- Banner Section End -->\r\n    \t\t\t\t<\/div>\n\t\t\t\t<\/div>\n\t\t\t\t\t<\/div>\n\t\t<\/div>\n\t\t\t\t\t<\/div>\n\t\t<\/section>\n\t\t<div class=\"elementor-element elementor-element-d2326a5 e-flex e-con-boxed e-con e-parent\" data-id=\"d2326a5\" data-element_type=\"container\" data-e-type=\"container\">\n\t\t\t\t\t<div class=\"e-con-inner\">\n\t\t\t\t<div class=\"elementor-element elementor-element-66b222b elementor-widget elementor-widget-blog-layouts\" data-id=\"66b222b\" data-element_type=\"widget\" data-e-type=\"widget\" data-widget_type=\"blog-layouts.default\">\n\t\t\t\t<div class=\"elementor-widget-container\">\n\t\t\t\t\t<div class=\"clearfix\"><\/div><div class=\"bloglayouts bloglayouts-bp-vc-element-blogs  bloglayouts-bp-blogs-style5 bloglayouts-bp-vc-blogs-3-col bloglayouts-bp-vc-element-blogs-1 element-no-padding\"><div class=\"bloglayouts-bp-vc-element-blogs-article-container\"><article class=\"item-blogs first-element-blogs col-xs-4  vc-element-post-odd\"><div class=\"article-image\"><a href=\"https:\/\/enestateturkiye.com\/tr\/turkije-vs-spanje-waar-kopen-buitenlandse-investeerders-slimmer-vastgoed-in-2026\/\"><img decoding=\"async\" class=\"bloglayouts-thumbs\" src=\"https:\/\/enestateturkiye.com\/wp-content\/uploads\/2026\/03\/ChatGPT-Image-29-Mar-2026-14_24_48-700x800.webp\" alt=\"Turkije vs Spanje: Waar Kopen Buitenlandse Investeerders Slimmer Vastgoed in 2026?\"><\/a><div class=\"article-info\"><div class=\"article-info-top\"><div class=\"article-category\"><a href=\"https:\/\/enestateturkiye.com\/tr\/category\/uncategorized\/\" title=\"View all posts in Uncategorized\" >Kategorisiz<\/a><\/div><h3 class=\"article-title\"><a href=\"https:\/\/enestateturkiye.com\/tr\/turkije-vs-spanje-waar-kopen-buitenlandse-investeerders-slimmer-vastgoed-in-2026\/\" >Turkije vs Spanje: Waar Kopen Buitenlandse Investeerders Slimmer Vastgoed in 2026?<\/a><\/h3><\/div><\/div><div class=\"item-blogs-pattern\"><\/div><\/div><\/article><article class=\"item-blogs first-element-blogs col-xs-4  vc-element-post-even\"><div class=\"article-image\"><a href=\"https:\/\/enestateturkiye.com\/tr\/tweede-woning-in-turkije-welke-vaste-kosten-moet-je-echt-meerekenen\/\"><img decoding=\"async\" class=\"bloglayouts-thumbs\" src=\"https:\/\/enestateturkiye.com\/wp-content\/uploads\/2026\/03\/ChatGPT-Image-29-Mar-2026-14_21_52-700x800.webp\" alt=\"Tweede woning in Turkije: Welke vaste kosten moet je echt meerekenen?\"><\/a><div class=\"article-info\"><div class=\"article-info-top\"><div class=\"article-category\"><a href=\"https:\/\/enestateturkiye.com\/tr\/category\/uncategorized\/\" title=\"View all posts in Uncategorized\" >Kategorisiz<\/a><\/div><h3 class=\"article-title\"><a href=\"https:\/\/enestateturkiye.com\/tr\/tweede-woning-in-turkije-welke-vaste-kosten-moet-je-echt-meerekenen\/\" >Tweede woning in Turkije: Welke vaste kosten moet je echt meerekenen?<\/a><\/h3><\/div><\/div><div class=\"item-blogs-pattern\"><\/div><\/div><\/article><article class=\"item-blogs first-element-blogs col-xs-4  vc-element-post-odd\"><div class=\"article-image\"><a href=\"https:\/\/enestateturkiye.com\/tr\/waar-letten-nederlandse-en-belgische-kopers-op-bij-luxe-vastgoed-in-turkije\/\"><img decoding=\"async\" class=\"bloglayouts-thumbs\" src=\"https:\/\/enestateturkiye.com\/wp-content\/uploads\/2026\/03\/ChatGPT-Image-29-Mar-2026-14_17_57-700x800.webp\" alt=\"Waar letten Nederlandse en Belgische kopers op bij luxe vastgoed in Turkije\"><\/a><div class=\"article-info\"><div class=\"article-info-top\"><div class=\"article-category\"><a href=\"https:\/\/enestateturkiye.com\/tr\/category\/huisvesting-in-turkije\/\" title=\"View all posts in Huisvesting in Turkije\" >Huisvesting in Turkije<\/a><\/div><h3 class=\"article-title\"><a href=\"https:\/\/enestateturkiye.com\/tr\/waar-letten-nederlandse-en-belgische-kopers-op-bij-luxe-vastgoed-in-turkije\/\" >Waar letten Nederlandse en Belgische kopers op bij luxe vastgoed in Turkije<\/a><\/h3><\/div><\/div><div class=\"item-blogs-pattern\"><\/div><\/div><\/article><div class=\"clearfix\"><\/div><article class=\"item-blogs first-element-blogs col-xs-4  vc-element-post-even\"><div class=\"article-image\"><a href=\"https:\/\/enestateturkiye.com\/tr\/wonen-turkse-riviera-droomleven\/\"><img decoding=\"async\" class=\"bloglayouts-thumbs\" src=\"https:\/\/enestateturkiye.com\/wp-content\/uploads\/2026\/02\/emlak4-700x667.jpg\" alt=\"T\u00fcrk Rivieras\u0131&#039;nda Ya\u015famak: Hayal Edilen Bir Ya\u015fam\"><\/a><div class=\"article-info\"><div class=\"article-info-top\"><div class=\"article-category\"><a href=\"https:\/\/enestateturkiye.com\/tr\/category\/uncategorized\/\" title=\"View all posts in Uncategorized\" >Kategorisiz<\/a><\/div><h3 class=\"article-title\"><a href=\"https:\/\/enestateturkiye.com\/tr\/wonen-turkse-riviera-droomleven\/\" >T\u00fcrk Rivieras\u0131'nda Ya\u015famak: Hayal Edilen Bir Ya\u015fam<\/a><\/h3><\/div><\/div><div class=\"item-blogs-pattern\"><\/div><\/div><\/article><article class=\"item-blogs first-element-blogs col-xs-4  vc-element-post-odd\"><div class=\"article-image\"><a href=\"https:\/\/enestateturkiye.com\/tr\/investeren-vastgoed-turkije-gids\/\"><img decoding=\"async\" class=\"bloglayouts-thumbs\" src=\"https:\/\/enestateturkiye.com\/wp-content\/uploads\/2026\/02\/emlak3-700x667.jpg\" alt=\"T\u00fcrkiye&#039;de Gayrimenkul Yat\u0131r\u0131m\u0131 Yapmak \u0130\u00e7in Nedenler \u2013 Yabanc\u0131 Al\u0131c\u0131lar \u0130\u00e7in Eksiksiz Rehber\"><\/a><div class=\"article-info\"><div class=\"article-info-top\"><div class=\"article-category\"><a href=\"https:\/\/enestateturkiye.com\/tr\/category\/uncategorized\/\" title=\"View all posts in Uncategorized\" >Kategorisiz<\/a><\/div><h3 class=\"article-title\"><a href=\"https:\/\/enestateturkiye.com\/tr\/investeren-vastgoed-turkije-gids\/\" >T\u00fcrkiye'de Gayrimenkul Yat\u0131r\u0131m\u0131 Yapmak \u0130\u00e7in Nedenler \u2013 Yabanc\u0131 Al\u0131c\u0131lar \u0130\u00e7in Eksiksiz Rehber<\/a><\/h3><\/div><\/div><div class=\"item-blogs-pattern\"><\/div><\/div><\/article><article class=\"item-blogs first-element-blogs col-xs-4  vc-element-post-even\"><div class=\"article-image\"><a href=\"https:\/\/enestateturkiye.com\/tr\/vakantiehuis-kopen-antalya-stap-voor-stap\/\"><img decoding=\"async\" class=\"bloglayouts-thumbs\" src=\"https:\/\/enestateturkiye.com\/wp-content\/uploads\/2026\/02\/emlak2-700x622.jpg\" alt=\"Antalya&#039;da tatil evi sat\u0131n almak: Yabanc\u0131 al\u0131c\u0131lar i\u00e7in ad\u0131m ad\u0131m sat\u0131n alma rehberi\"><\/a><div class=\"article-info\"><div class=\"article-info-top\"><div class=\"article-category\"><a href=\"https:\/\/enestateturkiye.com\/tr\/category\/uncategorized\/\" title=\"View all posts in Uncategorized\" >Kategorisiz<\/a><\/div><h3 class=\"article-title\"><a href=\"https:\/\/enestateturkiye.com\/tr\/vakantiehuis-kopen-antalya-stap-voor-stap\/\" >Antalya'da tatil evi sat\u0131n almak: Yabanc\u0131 al\u0131c\u0131lar i\u00e7in ad\u0131m ad\u0131m sat\u0131n alma rehberi<\/a><\/h3><\/div><\/div><div class=\"item-blogs-pattern\"><\/div><\/div><\/article><div class=\"clearfix\"><\/div><article class=\"item-blogs first-element-blogs col-xs-4  vc-element-post-odd\"><div class=\"article-image\"><a href=\"https:\/\/enestateturkiye.com\/tr\/antalya-vastgoedmarkt-2026-analyse\/\"><img decoding=\"async\" class=\"bloglayouts-thumbs\" src=\"https:\/\/enestateturkiye.com\/wp-content\/uploads\/2026\/02\/emlak-700x667.jpg\" alt=\"Antalya Emlak Piyasas\u0131 2026 \u2013 Yabanc\u0131 Al\u0131c\u0131lar i\u00e7in Analiz\"><\/a><div class=\"article-info\"><div class=\"article-info-top\"><div class=\"article-category\"><a href=\"https:\/\/enestateturkiye.com\/tr\/category\/uncategorized\/\" title=\"View all posts in Uncategorized\" >Kategorisiz<\/a><\/div><h3 class=\"article-title\"><a href=\"https:\/\/enestateturkiye.com\/tr\/antalya-vastgoedmarkt-2026-analyse\/\" >Antalya Emlak Piyasas\u0131 2026 \u2013 Yabanc\u0131 Al\u0131c\u0131lar i\u00e7in Analiz<\/a><\/h3><\/div><\/div><div class=\"item-blogs-pattern\"><\/div><\/div><\/article><article class=\"item-blogs first-element-blogs col-xs-4  vc-element-post-even\"><div class=\"article-image\"><a href=\"https:\/\/enestateturkiye.com\/tr\/langetermijnverhuur-vs-vakantieverhuur-turkije\/\"><img decoding=\"async\" class=\"bloglayouts-thumbs\" src=\"https:\/\/enestateturkiye.com\/wp-content\/uploads\/2026\/01\/enes4-700x496.jpg\" alt=\"T\u00fcrkiye&#039;de Uzun S\u00fcreli Kiralama m\u0131 Tatil Kiralama m\u0131: Hangi Se\u00e7enek Daha Uygun?\"><\/a><div class=\"article-info\"><div class=\"article-info-top\"><div class=\"article-category\"><a href=\"https:\/\/enestateturkiye.com\/tr\/category\/huisvesting-in-turkije\/\" title=\"View all posts in Huisvesting in Turkije\" >Huisvesting in Turkije<\/a><\/div><h3 class=\"article-title\"><a href=\"https:\/\/enestateturkiye.com\/tr\/langetermijnverhuur-vs-vakantieverhuur-turkije\/\" >T\u00fcrkiye'de Uzun S\u00fcreli Kiralama m\u0131 Tatil Kiralama m\u0131: Hangi Se\u00e7enek Daha Uygun?<\/a><\/h3><\/div><\/div><div class=\"item-blogs-pattern\"><\/div><\/div><\/article><article class=\"item-blogs first-element-blogs col-xs-4  vc-element-post-odd\"><div class=\"article-image\"><a href=\"https:\/\/enestateturkiye.com\/tr\/veelbelovende-vastgoedregios-in-turkije\/\"><img decoding=\"async\" class=\"bloglayouts-thumbs\" src=\"https:\/\/enestateturkiye.com\/wp-content\/uploads\/2026\/01\/enes3-1-700x667.jpg\" alt=\"Yabanc\u0131 al\u0131c\u0131lar i\u00e7in T\u00fcrkiye&#039;deki en umut verici gayrimenkul b\u00f6lgeleri\"><\/a><div class=\"article-info\"><div class=\"article-info-top\"><div class=\"article-category\"><a href=\"https:\/\/enestateturkiye.com\/tr\/category\/vastgoed\/\" title=\"View all posts in Vastgoed\" >Gayrimenkul<\/a><\/div><h3 class=\"article-title\"><a href=\"https:\/\/enestateturkiye.com\/tr\/veelbelovende-vastgoedregios-in-turkije\/\" >Yabanc\u0131 al\u0131c\u0131lar i\u00e7in T\u00fcrkiye'deki en umut verici gayrimenkul b\u00f6lgeleri<\/a><\/h3><\/div><\/div><div class=\"item-blogs-pattern\"><\/div><\/div><\/article><div class=\"clearfix\"><\/div><\/div><div class=\"clearfix\"><\/div><div class=\"clearfix\"><\/div><div class=\"bloglayouts-bp-blogs-display-1 bloglayouts-bp-vc-pagination\"><div class='fnwp-numeric-pagination'><span class='current' >1<\/span><a href='https:\/\/enestateturkiye.com\/tr\/wp-json\/wp\/v2\/pages\/3003\/page\/2\/' class='inactive' >2<\/a><a href='https:\/\/enestateturkiye.com\/tr\/wp-json\/wp\/v2\/pages\/3003\/page\/3\/' class='inactive' >3<\/a><a href='https:\/\/enestateturkiye.com\/tr\/wp-json\/wp\/v2\/pages\/3003\/page\/4\/' class='inactive' >4<\/a><\/div>\n<div class=\"clearfix\"><\/div><\/div><\/div>\t\t\t\t<\/div>\n\t\t\t\t<\/div>\n\t\t\t\t\t<\/div>\n\t\t\t\t<\/div>\n\t\t\t\t<\/div>","protected":false},"excerpt":{"rendered":"<p>enestate Blog Blog Vastgoed Woningen met verblijfsvergunning in Turkije in 2026 Investeren in Onroerend Goed Vastgoedinvesteringen in Turkije in 2026 Onroerend goed Goedkope Huizen in Turkije: Waar Vind Je Ze Nog? Vastgoed De Turkse Vastgoedmarkt in 2026: Wat Zijn de Trends? Vastgoed en Investeringen Onroerend Goed in Turkije: Kansen en Uitdagingen Vastgoed en Investeringen De [&hellip;]<\/p>","protected":false},"author":1,"featured_media":0,"parent":0,"menu_order":0,"comment_status":"closed","ping_status":"closed","template":"","meta":{"_monsterinsights_skip_tracking":false,"_monsterinsights_sitenote_active":false,"_monsterinsights_sitenote_note":"","_monsterinsights_sitenote_category":0,"footnotes":""},"class_list":["post-3003","page","type-page","status-publish","hentry"],"_links":{"self":[{"href":"https:\/\/enestateturkiye.com\/tr\/wp-json\/wp\/v2\/pages\/3003","targetHints":{"allow":["GET"]}}],"collection":[{"href":"https:\/\/enestateturkiye.com\/tr\/wp-json\/wp\/v2\/pages"}],"about":[{"href":"https:\/\/enestateturkiye.com\/tr\/wp-json\/wp\/v2\/types\/page"}],"author":[{"embeddable":true,"href":"https:\/\/enestateturkiye.com\/tr\/wp-json\/wp\/v2\/users\/1"}],"replies":[{"embeddable":true,"href":"https:\/\/enestateturkiye.com\/tr\/wp-json\/wp\/v2\/comments?post=3003"}],"version-history":[{"count":20,"href":"https:\/\/enestateturkiye.com\/tr\/wp-json\/wp\/v2\/pages\/3003\/revisions"}],"predecessor-version":[{"id":3132,"href":"https:\/\/enestateturkiye.com\/tr\/wp-json\/wp\/v2\/pages\/3003\/revisions\/3132"}],"wp:attachment":[{"href":"https:\/\/enestateturkiye.com\/tr\/wp-json\/wp\/v2\/media?parent=3003"}],"curies":[{"name":"wp","href":"https:\/\/api.w.org\/{rel}","templated":true}]}}