{"id":2245,"date":"2025-08-26T09:35:46","date_gmt":"2025-08-26T06:35:46","guid":{"rendered":"https:\/\/enestateturkiye.com\/?page_id=2245"},"modified":"2026-01-13T17:39:07","modified_gmt":"2026-01-13T14:39:07","slug":"coolest","status":"publish","type":"page","link":"https:\/\/enestateturkiye.com\/tr\/coolest\/","title":{"rendered":"Coolest"},"content":{"rendered":"<div data-elementor-type=\"wp-page\" data-elementor-id=\"2245\" class=\"elementor elementor-2245\">\n\t\t\t\t\t\t<section class=\"elementor-section elementor-top-section elementor-element elementor-element-f2993df elementor-section-full_width elementor-section-height-default elementor-section-height-default\" data-id=\"f2993df\" data-element_type=\"section\" data-e-type=\"section\">\n\t\t\t\t\t\t<div class=\"elementor-container elementor-column-gap-no\">\n\t\t\t\t\t<div class=\"elementor-column elementor-col-100 elementor-top-column elementor-element elementor-element-39f80bf\" data-id=\"39f80bf\" data-element_type=\"column\" data-e-type=\"column\">\n\t\t\t<div class=\"elementor-widget-wrap elementor-element-populated\">\n\t\t\t\t\t\t<div class=\"elementor-element elementor-element-afbd2ec elementor-align-left elementor-widget elementor-widget-bdevs-page-banner\" data-id=\"afbd2ec\" data-element_type=\"widget\" data-e-type=\"widget\" data-widget_type=\"bdevs-page-banner.default\">\n\t\t\t\t<div class=\"elementor-widget-container\">\n\t\t\t\t\t  \r\n    <!-- Banner Section Start -->\r\n        <section class=\"banner-area pt-220 pb-250 rpt-150 rpb-100 corner-shapes-wrap\" style=\"background-image: url(https:\/\/enestateturkiye.com\/wp-content\/uploads\/2025\/08\/GORSEL-10.png);\">\r\n            <div class=\"corner-shapes\"><\/div>\r\n        <div class=\"container container-1170 pb-200 rpb-0\">\r\n            <div class=\"row align-items-center justify-content-between\">\r\n                <div class=\"col-xl-8 col-lg-12\">\r\n                    <div class=\"banner-content rmb-65 wow fadeInUp delay-0-2s\">\r\n                        <nav aria-label=\"breadcrumb\" class=\"mb-35 rmb-20\">\r\n                            <ol class=\"breadcrumb wow fadeInUp delay-0-4s\">\r\n                                                                <li class=\"breadcrumb-item\"><a href=\"https:\/\/enestateturkiye.com\/tr\/\">Anasayfa<\/a><\/li>\r\n                                                                                                <li class=\"breadcrumb-item active\">Coolest<\/li>\r\n                                                            <\/ol>\r\n                        <\/nav>\r\n                                                <h1>COOLEST<\/h1>\r\n                                                                    <\/div>\r\n                <\/div>\r\n            <\/div>\r\n        <\/div>\r\n    <\/section>\r\n    <!-- Banner Section End -->\r\n    \t\t\t\t<\/div>\n\t\t\t\t<\/div>\n\t\t\t\t\t<\/div>\n\t\t<\/div>\n\t\t\t\t\t<\/div>\n\t\t<\/section>\n\t\t<div class=\"elementor-element elementor-element-ca1d5f0 e-flex e-con-boxed e-con e-parent\" data-id=\"ca1d5f0\" data-element_type=\"container\" data-e-type=\"container\">\n\t\t\t\t\t<div class=\"e-con-inner\">\n\t\t\t\t<div class=\"elementor-element elementor-element-9d33b85 elementor-widget elementor-widget-heading\" data-id=\"9d33b85\" data-element_type=\"widget\" data-e-type=\"widget\" data-widget_type=\"heading.default\">\n\t\t\t\t\t<h2 class=\"elementor-heading-title elementor-size-default\">Coolest, modern ya\u015fam\u0131 otel olanaklar\u0131yla birle\u015ftirerek kiralama ve yat\u0131r\u0131m i\u00e7in m\u00fckemmel f\u0131rsatlar sunuyor.<\/h2>\t\t\t\t<\/div>\n\t\t\t\t\t<\/div>\n\t\t\t\t<\/div>\n\t\t<div class=\"elementor-element elementor-element-d3d4056 e-flex e-con-boxed e-con e-parent\" data-id=\"d3d4056\" data-element_type=\"container\" data-e-type=\"container\">\n\t\t\t\t\t<div class=\"e-con-inner\">\n\t\t<div class=\"elementor-element elementor-element-a371eb7 e-con-full e-flex e-con e-child\" data-id=\"a371eb7\" data-element_type=\"container\" data-e-type=\"container\" data-settings=\"{&quot;background_background&quot;:&quot;classic&quot;}\">\n\t\t\t\t<div class=\"elementor-element elementor-element-4f9119e elementor-absolute elementor-widget elementor-widget-image\" data-id=\"4f9119e\" data-element_type=\"widget\" data-e-type=\"widget\" data-settings=\"{&quot;_position&quot;:&quot;absolute&quot;}\" data-widget_type=\"image.default\">\n\t\t\t\t\t\t\t\t\t\t\t\t\t\t\t<img fetchpriority=\"high\" decoding=\"async\" width=\"2048\" height=\"1152\" src=\"https:\/\/enestateturkiye.com\/wp-content\/uploads\/2025\/08\/GORSEL-7.jpg\" class=\"attachment-full size-full wp-image-2280\" alt=\"\" srcset=\"https:\/\/enestateturkiye.com\/wp-content\/uploads\/2025\/08\/GORSEL-7.jpg 2048w, https:\/\/enestateturkiye.com\/wp-content\/uploads\/2025\/08\/GORSEL-7-300x169.jpg 300w, https:\/\/enestateturkiye.com\/wp-content\/uploads\/2025\/08\/GORSEL-7-1024x576.jpg 1024w, https:\/\/enestateturkiye.com\/wp-content\/uploads\/2025\/08\/GORSEL-7-768x432.jpg 768w, https:\/\/enestateturkiye.com\/wp-content\/uploads\/2025\/08\/GORSEL-7-1536x864.jpg 1536w\" sizes=\"(max-width: 2048px) 100vw, 2048px\" \/>\t\t\t\t\t\t\t\t\t\t\t\t\t\t\t<\/div>\n\t\t\t\t<div class=\"elementor-element elementor-element-456a068 elementor-absolute elementor-widget elementor-widget-image\" data-id=\"456a068\" data-element_type=\"widget\" data-e-type=\"widget\" data-settings=\"{&quot;_position&quot;:&quot;absolute&quot;}\" data-widget_type=\"image.default\">\n\t\t\t\t\t\t\t\t\t\t\t\t\t\t\t<img decoding=\"async\" width=\"1600\" height=\"900\" src=\"https:\/\/enestateturkiye.com\/wp-content\/uploads\/2025\/08\/GORSEL-9.jpg\" class=\"attachment-full size-full wp-image-2278\" alt=\"\" srcset=\"https:\/\/enestateturkiye.com\/wp-content\/uploads\/2025\/08\/GORSEL-9.jpg 1600w, https:\/\/enestateturkiye.com\/wp-content\/uploads\/2025\/08\/GORSEL-9-300x169.jpg 300w, https:\/\/enestateturkiye.com\/wp-content\/uploads\/2025\/08\/GORSEL-9-1024x576.jpg 1024w, https:\/\/enestateturkiye.com\/wp-content\/uploads\/2025\/08\/GORSEL-9-768x432.jpg 768w, https:\/\/enestateturkiye.com\/wp-content\/uploads\/2025\/08\/GORSEL-9-1536x864.jpg 1536w\" sizes=\"(max-width: 1600px) 100vw, 1600px\" \/>\t\t\t\t\t\t\t\t\t\t\t\t\t\t\t<\/div>\n\t\t\t\t<div class=\"elementor-element elementor-element-f008d75 elementor-absolute elementor-widget elementor-widget-elementskit-video\" data-id=\"f008d75\" data-element_type=\"widget\" data-e-type=\"widget\" data-settings=\"{&quot;_position&quot;:&quot;absolute&quot;}\" data-widget_type=\"elementskit-video.default\">\n\t\t\t\t<div class=\"elementor-widget-container\">\n\t\t\t\t\t<div class=\"ekit-wid-con\" >\t\t<div class=\"video-content\" data-video-player=\"[]\" data-video-setting=\"{&quot;videoVolume&quot;:&quot;horizontal&quot;,&quot;startVolume&quot;:0.8,&quot;videoType&quot;:&quot;iframe&quot;,&quot;videoClass&quot;:&quot;mfp-fade&quot;,&quot;popupIcon&quot;:{&quot;value&quot;:&quot;icon icon-cancel&quot;,&quot;library&quot;:&quot;ekiticons&quot;},&quot;videoStyle&quot;:&quot;popup&quot;,&quot;videoTypeName&quot;:&quot;youtube&quot;,&quot;autoplay&quot;:false,&quot;muted&quot;:false,&quot;loop&quot;:false}\">\n\t\t\t\n<a class=\"ekit_icon_button glow-ripple ekit-video-popup ekit-video-popup-btn\" href=\"?playlist=&amp;mute=0&amp;autoplay=0&amp;loop=no&amp;controls=0&amp;start=0&amp;end=\" aria-label=\"video-popup\">\n\t\t\t\t<i aria-hidden=\"true\" class=\"icon icon-play\"><\/i>\t\t\n\t\t\t<\/a>\n\t\t\t\t\t<\/div>\n\t\t<\/div>\t\t\t\t<\/div>\n\t\t\t\t<\/div>\n\t\t\t\t<div class=\"elementor-element elementor-element-53dc8d1 elementor-widget elementor-widget-image\" data-id=\"53dc8d1\" data-element_type=\"widget\" data-e-type=\"widget\" data-widget_type=\"image.default\">\n\t\t\t\t\t\t\t\t\t\t\t\t\t\t\t<img decoding=\"async\" width=\"1600\" height=\"1200\" src=\"https:\/\/enestateturkiye.com\/wp-content\/uploads\/2023\/10\/StockSnap_HGVQPNFUDV.jpg\" class=\"attachment-full size-full wp-image-660\" alt=\"\" srcset=\"https:\/\/enestateturkiye.com\/wp-content\/uploads\/2023\/10\/StockSnap_HGVQPNFUDV.jpg 1600w, https:\/\/enestateturkiye.com\/wp-content\/uploads\/2023\/10\/StockSnap_HGVQPNFUDV-300x225.jpg 300w, https:\/\/enestateturkiye.com\/wp-content\/uploads\/2023\/10\/StockSnap_HGVQPNFUDV-1024x768.jpg 1024w, https:\/\/enestateturkiye.com\/wp-content\/uploads\/2023\/10\/StockSnap_HGVQPNFUDV-768x576.jpg 768w, https:\/\/enestateturkiye.com\/wp-content\/uploads\/2023\/10\/StockSnap_HGVQPNFUDV-1536x1152.jpg 1536w\" sizes=\"(max-width: 1600px) 100vw, 1600px\" \/>\t\t\t\t\t\t\t\t\t\t\t\t\t\t\t<\/div>\n\t\t\t\t<\/div>\n\t\t<div class=\"elementor-element elementor-element-e35ceb2 e-con-full e-flex e-con e-child\" data-id=\"e35ceb2\" data-element_type=\"container\" data-e-type=\"container\">\n\t\t\t\t<div class=\"elementor-element elementor-element-eea8dcb elementor-widget elementor-widget-text-editor\" data-id=\"eea8dcb\" data-element_type=\"widget\" data-e-type=\"widget\" data-widget_type=\"text-editor.default\">\n\t\t\t\t\t\t\t\t\t<p class=\"p1\">Coolest, getiri ve l\u00fcks arayanlar i\u00e7in tasarlanm\u0131\u015f, otel konseptine sahip yeni bir konut projesidir. Proje, hem daireler hem de otel b\u00f6l\u00fcm\u00fcnden olu\u015fmakta olup a\u00e7\u0131k ve kapal\u0131 y\u00fczme havuzlar\u0131, spor sahalar\u0131, ye\u015fil alanlar ve 7\/24 g\u00fcvenlik gibi olanaklar sunmaktad\u0131r.<\/p><p class=\"p1\">Daireler hen\u00fcz ta\u015f\u0131nmaya haz\u0131r de\u011fil, ancak yerden \u0131s\u0131tma, konforlu cam, klima, ak\u0131ll\u0131 teknoloji ve tam donan\u0131ml\u0131 mutfak ve banyolarla teslim edilecek. Projedeki otel ve y\u00fcksek kiralama potansiyeli sayesinde Coolest, T\u00fcrk Rivieras\u0131'ndaki yat\u0131r\u0131mc\u0131lar i\u00e7in ilgin\u00e7 bir se\u00e7enek.<\/p>\t\t\t\t\t\t\t\t<\/div>\n\t\t\t\t<\/div>\n\t\t\t\t\t<\/div>\n\t\t\t\t<\/div>\n\t\t<div class=\"elementor-element elementor-element-35b9fd8 e-flex e-con-boxed e-con e-parent\" data-id=\"35b9fd8\" data-element_type=\"container\" data-e-type=\"container\" data-settings=\"{&quot;background_background&quot;:&quot;classic&quot;}\">\n\t\t\t\t\t<div class=\"e-con-inner\">\n\t\t<div class=\"elementor-element elementor-element-1a5eca3 e-con-full e-flex e-con e-child\" data-id=\"1a5eca3\" data-element_type=\"container\" data-e-type=\"container\">\n\t\t\t\t<div class=\"elementor-element elementor-element-9f2169e elementor-widget elementor-widget-heading\" data-id=\"9f2169e\" data-element_type=\"widget\" data-e-type=\"widget\" data-widget_type=\"heading.default\">\n\t\t\t\t\t<h2 class=\"elementor-heading-title elementor-size-default\">Konum<\/h2>\t\t\t\t<\/div>\n\t\t\t\t<div class=\"elementor-element elementor-element-86a01f2 elementor-widget elementor-widget-text-editor\" data-id=\"86a01f2\" data-element_type=\"widget\" data-e-type=\"widget\" data-widget_type=\"text-editor.default\">\n\t\t\t\t\t\t\t\t\t<p>Antalya \/ Alt\u0131ntas<\/p>\t\t\t\t\t\t\t\t<\/div>\n\t\t\t\t<\/div>\n\t\t<div class=\"elementor-element elementor-element-c50d8dd e-con-full e-flex e-con e-child\" data-id=\"c50d8dd\" data-element_type=\"container\" data-e-type=\"container\">\n\t\t\t\t<div class=\"elementor-element elementor-element-00eed3d elementor-widget elementor-widget-heading\" data-id=\"00eed3d\" data-element_type=\"widget\" data-e-type=\"widget\" data-widget_type=\"heading.default\">\n\t\t\t\t\t<h2 class=\"elementor-heading-title elementor-size-default\">Daire<\/h2>\t\t\t\t<\/div>\n\t\t\t\t<div class=\"elementor-element elementor-element-fb1cb75 elementor-widget elementor-widget-text-editor\" data-id=\"fb1cb75\" data-element_type=\"widget\" data-e-type=\"widget\" data-widget_type=\"text-editor.default\">\n\t\t\t\t\t\t\t\t\t<p>432<\/p>\t\t\t\t\t\t\t\t<\/div>\n\t\t\t\t<\/div>\n\t\t<div class=\"elementor-element elementor-element-cf65182 e-con-full e-flex e-con e-child\" data-id=\"cf65182\" data-element_type=\"container\" data-e-type=\"container\">\n\t\t\t\t<div class=\"elementor-element elementor-element-bd50661 elementor-widget elementor-widget-heading\" data-id=\"bd50661\" data-element_type=\"widget\" data-e-type=\"widget\" data-widget_type=\"heading.default\">\n\t\t\t\t\t<h2 class=\"elementor-heading-title elementor-size-default\">Alan<\/h2>\t\t\t\t<\/div>\n\t\t\t\t<div class=\"elementor-element elementor-element-54fd6ea elementor-widget elementor-widget-text-editor\" data-id=\"54fd6ea\" data-element_type=\"widget\" data-e-type=\"widget\" data-widget_type=\"text-editor.default\">\n\t\t\t\t\t\t\t\t\t<p>10.200 m\u00b2<\/p>\t\t\t\t\t\t\t\t<\/div>\n\t\t\t\t<\/div>\n\t\t<div class=\"elementor-element elementor-element-579f92b e-con-full e-flex e-con e-child\" data-id=\"579f92b\" data-element_type=\"container\" data-e-type=\"container\">\n\t\t\t\t<div class=\"elementor-element elementor-element-e813910 elementor-widget elementor-widget-heading\" data-id=\"e813910\" data-element_type=\"widget\" data-e-type=\"widget\" data-widget_type=\"heading.default\">\n\t\t\t\t\t<h2 class=\"elementor-heading-title elementor-size-default\">Teslim tarihi<\/h2>\t\t\t\t<\/div>\n\t\t\t\t<div class=\"elementor-element elementor-element-1c44249 elementor-widget elementor-widget-text-editor\" data-id=\"1c44249\" data-element_type=\"widget\" data-e-type=\"widget\" data-widget_type=\"text-editor.default\">\n\t\t\t\t\t\t\t\t\t<p>Aral\u0131k 2025<\/p>\t\t\t\t\t\t\t\t<\/div>\n\t\t\t\t<\/div>\n\t\t\t\t\t<\/div>\n\t\t\t\t<\/div>\n\t\t<div class=\"elementor-element elementor-element-a5084ce e-flex e-con-boxed e-con e-parent\" data-id=\"a5084ce\" data-element_type=\"container\" data-e-type=\"container\">\n\t\t\t\t\t<div class=\"e-con-inner\">\n\t\t\t\t<div class=\"elementor-element elementor-element-485ca24 gallery-spacing-custom elementor-widget elementor-widget-image-gallery\" data-id=\"485ca24\" data-element_type=\"widget\" data-e-type=\"widget\" data-widget_type=\"image-gallery.default\">\n\t\t\t\t\t\t\t<div class=\"elementor-image-gallery\">\n\t\t\t\n\t\t<style type=\"text\/css\">\n\t\t\t#gallery-1 {\n\t\t\t\tmargin: auto;\n\t\t\t}\n\t\t\t#gallery-1 .gallery-item {\n\t\t\t\tfloat: left;\n\t\t\t\tmargin-top: 10px;\n\t\t\t\ttext-align: center;\n\t\t\t\twidth: 25%;\n\t\t\t}\n\t\t\t#gallery-1 img {\n\t\t\t\tborder: 2px solid #cfcfcf;\n\t\t\t}\n\t\t\t#gallery-1 .gallery-caption {\n\t\t\t\tmargin-left: 0;\n\t\t\t}\n\t\t\t\/* see gallery_shortcode() in wp-includes\/media.php *\/\n\t\t<\/style>\n\t\t<div id='gallery-1' class='gallery galleryid-2245 gallery-columns-4 gallery-size-large'><dl class='gallery-item'>\n\t\t\t<dt class='gallery-icon landscape'>\n\t\t\t\t<a data-elementor-open-lightbox=\"yes\" data-elementor-lightbox-slideshow=\"485ca24\" data-elementor-lightbox-title=\"GO\u0308RSEL 10\" data-e-action-hash=\"#elementor-action%3Aaction%3Dlightbox%26settings%3DeyJpZCI6MjI3NywidXJsIjoiaHR0cHM6XC9cL2VuZXN0YXRldHVya2l5ZS5jb21cL3dwLWNvbnRlbnRcL3VwbG9hZHNcLzIwMjVcLzA4XC9HT1JTRUwtMTAucG5nIiwic2xpZGVzaG93IjoiNDg1Y2EyNCJ9\" href='https:\/\/enestateturkiye.com\/wp-content\/uploads\/2025\/08\/GORSEL-10.png'><img loading=\"lazy\" decoding=\"async\" width=\"900\" height=\"500\" src=\"https:\/\/enestateturkiye.com\/wp-content\/uploads\/2025\/08\/GORSEL-10-1024x569.png\" class=\"attachment-large size-large\" alt=\"\" srcset=\"https:\/\/enestateturkiye.com\/wp-content\/uploads\/2025\/08\/GORSEL-10-1024x569.png 1024w, https:\/\/enestateturkiye.com\/wp-content\/uploads\/2025\/08\/GORSEL-10-300x167.png 300w, https:\/\/enestateturkiye.com\/wp-content\/uploads\/2025\/08\/GORSEL-10-768x427.png 768w, https:\/\/enestateturkiye.com\/wp-content\/uploads\/2025\/08\/GORSEL-10-1536x854.png 1536w, https:\/\/enestateturkiye.com\/wp-content\/uploads\/2025\/08\/GORSEL-10.png 1572w\" sizes=\"(max-width: 900px) 100vw, 900px\" \/><\/a>\n\t\t\t<\/dt><\/dl><dl class='gallery-item'>\n\t\t\t<dt class='gallery-icon landscape'>\n\t\t\t\t<a data-elementor-open-lightbox=\"yes\" data-elementor-lightbox-slideshow=\"485ca24\" data-elementor-lightbox-title=\"GO\u0308RSEL 9\" data-e-action-hash=\"#elementor-action%3Aaction%3Dlightbox%26settings%3DeyJpZCI6MjI3OCwidXJsIjoiaHR0cHM6XC9cL2VuZXN0YXRldHVya2l5ZS5jb21cL3dwLWNvbnRlbnRcL3VwbG9hZHNcLzIwMjVcLzA4XC9HT1JTRUwtOS5qcGciLCJzbGlkZXNob3ciOiI0ODVjYTI0In0%3D\" href='https:\/\/enestateturkiye.com\/wp-content\/uploads\/2025\/08\/GORSEL-9.jpg'><img loading=\"lazy\" decoding=\"async\" width=\"900\" height=\"506\" src=\"https:\/\/enestateturkiye.com\/wp-content\/uploads\/2025\/08\/GORSEL-9-1024x576.jpg\" class=\"attachment-large size-large\" alt=\"\" srcset=\"https:\/\/enestateturkiye.com\/wp-content\/uploads\/2025\/08\/GORSEL-9-1024x576.jpg 1024w, https:\/\/enestateturkiye.com\/wp-content\/uploads\/2025\/08\/GORSEL-9-300x169.jpg 300w, https:\/\/enestateturkiye.com\/wp-content\/uploads\/2025\/08\/GORSEL-9-768x432.jpg 768w, https:\/\/enestateturkiye.com\/wp-content\/uploads\/2025\/08\/GORSEL-9-1536x864.jpg 1536w, https:\/\/enestateturkiye.com\/wp-content\/uploads\/2025\/08\/GORSEL-9.jpg 1600w\" sizes=\"(max-width: 900px) 100vw, 900px\" \/><\/a>\n\t\t\t<\/dt><\/dl><dl class='gallery-item'>\n\t\t\t<dt class='gallery-icon landscape'>\n\t\t\t\t<a data-elementor-open-lightbox=\"yes\" data-elementor-lightbox-slideshow=\"485ca24\" data-elementor-lightbox-title=\"GO\u0308RSEL 8\" data-e-action-hash=\"#elementor-action%3Aaction%3Dlightbox%26settings%3DeyJpZCI6MjI3OSwidXJsIjoiaHR0cHM6XC9cL2VuZXN0YXRldHVya2l5ZS5jb21cL3dwLWNvbnRlbnRcL3VwbG9hZHNcLzIwMjVcLzA4XC9HT1JTRUwtOC5qcGciLCJzbGlkZXNob3ciOiI0ODVjYTI0In0%3D\" href='https:\/\/enestateturkiye.com\/wp-content\/uploads\/2025\/08\/GORSEL-8.jpg'><img loading=\"lazy\" decoding=\"async\" width=\"900\" height=\"506\" src=\"https:\/\/enestateturkiye.com\/wp-content\/uploads\/2025\/08\/GORSEL-8-1024x576.jpg\" class=\"attachment-large size-large\" alt=\"\" srcset=\"https:\/\/enestateturkiye.com\/wp-content\/uploads\/2025\/08\/GORSEL-8-1024x576.jpg 1024w, https:\/\/enestateturkiye.com\/wp-content\/uploads\/2025\/08\/GORSEL-8-300x169.jpg 300w, https:\/\/enestateturkiye.com\/wp-content\/uploads\/2025\/08\/GORSEL-8-768x432.jpg 768w, https:\/\/enestateturkiye.com\/wp-content\/uploads\/2025\/08\/GORSEL-8-1536x864.jpg 1536w, https:\/\/enestateturkiye.com\/wp-content\/uploads\/2025\/08\/GORSEL-8.jpg 1600w\" sizes=\"(max-width: 900px) 100vw, 900px\" \/><\/a>\n\t\t\t<\/dt><\/dl><dl class='gallery-item'>\n\t\t\t<dt class='gallery-icon landscape'>\n\t\t\t\t<a data-elementor-open-lightbox=\"yes\" data-elementor-lightbox-slideshow=\"485ca24\" data-elementor-lightbox-title=\"GO\u0308RSEL 6\" data-e-action-hash=\"#elementor-action%3Aaction%3Dlightbox%26settings%3DeyJpZCI6MjI4MSwidXJsIjoiaHR0cHM6XC9cL2VuZXN0YXRldHVya2l5ZS5jb21cL3dwLWNvbnRlbnRcL3VwbG9hZHNcLzIwMjVcLzA4XC9HT1JTRUwtNi5qcGciLCJzbGlkZXNob3ciOiI0ODVjYTI0In0%3D\" href='https:\/\/enestateturkiye.com\/wp-content\/uploads\/2025\/08\/GORSEL-6.jpg'><img loading=\"lazy\" decoding=\"async\" width=\"900\" height=\"506\" src=\"https:\/\/enestateturkiye.com\/wp-content\/uploads\/2025\/08\/GORSEL-6-1024x576.jpg\" class=\"attachment-large size-large\" alt=\"\" srcset=\"https:\/\/enestateturkiye.com\/wp-content\/uploads\/2025\/08\/GORSEL-6-1024x576.jpg 1024w, https:\/\/enestateturkiye.com\/wp-content\/uploads\/2025\/08\/GORSEL-6-300x169.jpg 300w, https:\/\/enestateturkiye.com\/wp-content\/uploads\/2025\/08\/GORSEL-6-768x432.jpg 768w, https:\/\/enestateturkiye.com\/wp-content\/uploads\/2025\/08\/GORSEL-6-1536x864.jpg 1536w, https:\/\/enestateturkiye.com\/wp-content\/uploads\/2025\/08\/GORSEL-6.jpg 1600w\" sizes=\"(max-width: 900px) 100vw, 900px\" \/><\/a>\n\t\t\t<\/dt><\/dl><br style=\"clear: both\" \/><dl class='gallery-item'>\n\t\t\t<dt class='gallery-icon landscape'>\n\t\t\t\t<a data-elementor-open-lightbox=\"yes\" data-elementor-lightbox-slideshow=\"485ca24\" data-elementor-lightbox-title=\"GO\u0308RSEL 7\" data-e-action-hash=\"#elementor-action%3Aaction%3Dlightbox%26settings%3DeyJpZCI6MjI4MCwidXJsIjoiaHR0cHM6XC9cL2VuZXN0YXRldHVya2l5ZS5jb21cL3dwLWNvbnRlbnRcL3VwbG9hZHNcLzIwMjVcLzA4XC9HT1JTRUwtNy5qcGciLCJzbGlkZXNob3ciOiI0ODVjYTI0In0%3D\" href='https:\/\/enestateturkiye.com\/wp-content\/uploads\/2025\/08\/GORSEL-7.jpg'><img loading=\"lazy\" decoding=\"async\" width=\"900\" height=\"506\" src=\"https:\/\/enestateturkiye.com\/wp-content\/uploads\/2025\/08\/GORSEL-7-1024x576.jpg\" class=\"attachment-large size-large\" alt=\"\" srcset=\"https:\/\/enestateturkiye.com\/wp-content\/uploads\/2025\/08\/GORSEL-7-1024x576.jpg 1024w, https:\/\/enestateturkiye.com\/wp-content\/uploads\/2025\/08\/GORSEL-7-300x169.jpg 300w, https:\/\/enestateturkiye.com\/wp-content\/uploads\/2025\/08\/GORSEL-7-768x432.jpg 768w, https:\/\/enestateturkiye.com\/wp-content\/uploads\/2025\/08\/GORSEL-7-1536x864.jpg 1536w, https:\/\/enestateturkiye.com\/wp-content\/uploads\/2025\/08\/GORSEL-7.jpg 2048w\" sizes=\"(max-width: 900px) 100vw, 900px\" \/><\/a>\n\t\t\t<\/dt><\/dl><dl class='gallery-item'>\n\t\t\t<dt class='gallery-icon landscape'>\n\t\t\t\t<a data-elementor-open-lightbox=\"yes\" data-elementor-lightbox-slideshow=\"485ca24\" data-elementor-lightbox-title=\"GORSEL 4\" data-e-action-hash=\"#elementor-action%3Aaction%3Dlightbox%26settings%3DeyJpZCI6MjI4MiwidXJsIjoiaHR0cHM6XC9cL2VuZXN0YXRldHVya2l5ZS5jb21cL3dwLWNvbnRlbnRcL3VwbG9hZHNcLzIwMjVcLzA4XC9HT1JTRUwtNC5qcGciLCJzbGlkZXNob3ciOiI0ODVjYTI0In0%3D\" href='https:\/\/enestateturkiye.com\/wp-content\/uploads\/2025\/08\/GORSEL-4.jpg'><img loading=\"lazy\" decoding=\"async\" width=\"900\" height=\"506\" src=\"https:\/\/enestateturkiye.com\/wp-content\/uploads\/2025\/08\/GORSEL-4-1024x576.jpg\" class=\"attachment-large size-large\" alt=\"\" srcset=\"https:\/\/enestateturkiye.com\/wp-content\/uploads\/2025\/08\/GORSEL-4-1024x576.jpg 1024w, https:\/\/enestateturkiye.com\/wp-content\/uploads\/2025\/08\/GORSEL-4-300x169.jpg 300w, https:\/\/enestateturkiye.com\/wp-content\/uploads\/2025\/08\/GORSEL-4-768x432.jpg 768w, https:\/\/enestateturkiye.com\/wp-content\/uploads\/2025\/08\/GORSEL-4-1536x864.jpg 1536w, https:\/\/enestateturkiye.com\/wp-content\/uploads\/2025\/08\/GORSEL-4.jpg 1600w\" sizes=\"(max-width: 900px) 100vw, 900px\" \/><\/a>\n\t\t\t<\/dt><\/dl><dl class='gallery-item'>\n\t\t\t<dt class='gallery-icon landscape'>\n\t\t\t\t<a data-elementor-open-lightbox=\"yes\" data-elementor-lightbox-slideshow=\"485ca24\" data-elementor-lightbox-title=\"GORSEL 3\" data-e-action-hash=\"#elementor-action%3Aaction%3Dlightbox%26settings%3DeyJpZCI6MjI4MywidXJsIjoiaHR0cHM6XC9cL2VuZXN0YXRldHVya2l5ZS5jb21cL3dwLWNvbnRlbnRcL3VwbG9hZHNcLzIwMjVcLzA4XC9HT1JTRUwtMy5qcGciLCJzbGlkZXNob3ciOiI0ODVjYTI0In0%3D\" href='https:\/\/enestateturkiye.com\/wp-content\/uploads\/2025\/08\/GORSEL-3.jpg'><img loading=\"lazy\" decoding=\"async\" width=\"900\" height=\"506\" src=\"https:\/\/enestateturkiye.com\/wp-content\/uploads\/2025\/08\/GORSEL-3-1024x576.jpg\" class=\"attachment-large size-large\" alt=\"\" srcset=\"https:\/\/enestateturkiye.com\/wp-content\/uploads\/2025\/08\/GORSEL-3-1024x576.jpg 1024w, https:\/\/enestateturkiye.com\/wp-content\/uploads\/2025\/08\/GORSEL-3-300x169.jpg 300w, https:\/\/enestateturkiye.com\/wp-content\/uploads\/2025\/08\/GORSEL-3-768x432.jpg 768w, https:\/\/enestateturkiye.com\/wp-content\/uploads\/2025\/08\/GORSEL-3-1536x864.jpg 1536w, https:\/\/enestateturkiye.com\/wp-content\/uploads\/2025\/08\/GORSEL-3.jpg 2048w\" sizes=\"(max-width: 900px) 100vw, 900px\" \/><\/a>\n\t\t\t<\/dt><\/dl>\n\t\t\t<br style='clear: both' \/>\n\t\t<\/div>\n\t\t<\/div>\n\t\t\t\t\t\t<\/div>\n\t\t\t\t\t<\/div>\n\t\t\t\t<\/div>\n\t\t\t\t<\/div>","protected":false},"excerpt":{"rendered":"<p>Home Coolest COOLEST Coolest combineert modern wonen met hotelfaciliteiten en biedt uitstekende kansen voor verhuur en investering Coolest is een nieuw woonproject met hotelconcept, ontworpen voor wie zoekt naar rendement en luxe. Het project bevat zowel appartementen als een hotelgedeelte en biedt faciliteiten zoals open en gesloten zwembaden, sportvelden, groene zones en 24\/7 beveiliging. De [&hellip;]<\/p>","protected":false},"author":2,"featured_media":0,"parent":0,"menu_order":0,"comment_status":"closed","ping_status":"closed","template":"page-templates\/home.php","meta":{"_monsterinsights_skip_tracking":false,"_monsterinsights_sitenote_active":false,"_monsterinsights_sitenote_note":"","_monsterinsights_sitenote_category":0,"footnotes":""},"class_list":["post-2245","page","type-page","status-publish","hentry"],"_links":{"self":[{"href":"https:\/\/enestateturkiye.com\/tr\/wp-json\/wp\/v2\/pages\/2245","targetHints":{"allow":["GET"]}}],"collection":[{"href":"https:\/\/enestateturkiye.com\/tr\/wp-json\/wp\/v2\/pages"}],"about":[{"href":"https:\/\/enestateturkiye.com\/tr\/wp-json\/wp\/v2\/types\/page"}],"author":[{"embeddable":true,"href":"https:\/\/enestateturkiye.com\/tr\/wp-json\/wp\/v2\/users\/2"}],"replies":[{"embeddable":true,"href":"https:\/\/enestateturkiye.com\/tr\/wp-json\/wp\/v2\/comments?post=2245"}],"version-history":[{"count":17,"href":"https:\/\/enestateturkiye.com\/tr\/wp-json\/wp\/v2\/pages\/2245\/revisions"}],"predecessor-version":[{"id":3095,"href":"https:\/\/enestateturkiye.com\/tr\/wp-json\/wp\/v2\/pages\/2245\/revisions\/3095"}],"wp:attachment":[{"href":"https:\/\/enestateturkiye.com\/tr\/wp-json\/wp\/v2\/media?parent=2245"}],"curies":[{"name":"wp","href":"https:\/\/api.w.org\/{rel}","templated":true}]}}