{"id":2232,"date":"2025-08-26T09:31:54","date_gmt":"2025-08-26T06:31:54","guid":{"rendered":"https:\/\/enestateturkiye.com\/?page_id=2232"},"modified":"2026-01-13T17:38:55","modified_gmt":"2026-01-13T14:38:55","slug":"beyond-all","status":"publish","type":"page","link":"https:\/\/enestateturkiye.com\/tr\/beyond-all\/","title":{"rendered":"Beyond All"},"content":{"rendered":"<div data-elementor-type=\"wp-page\" data-elementor-id=\"2232\" class=\"elementor elementor-2232\">\n\t\t\t\t\t\t<section class=\"elementor-section elementor-top-section elementor-element elementor-element-f2993df elementor-section-full_width elementor-section-height-default elementor-section-height-default\" data-id=\"f2993df\" data-element_type=\"section\" data-e-type=\"section\">\n\t\t\t\t\t\t<div class=\"elementor-container elementor-column-gap-no\">\n\t\t\t\t\t<div class=\"elementor-column elementor-col-100 elementor-top-column elementor-element elementor-element-39f80bf\" data-id=\"39f80bf\" data-element_type=\"column\" data-e-type=\"column\">\n\t\t\t<div class=\"elementor-widget-wrap elementor-element-populated\">\n\t\t\t\t\t\t<div class=\"elementor-element elementor-element-afbd2ec elementor-align-left elementor-widget elementor-widget-bdevs-page-banner\" data-id=\"afbd2ec\" data-element_type=\"widget\" data-e-type=\"widget\" data-widget_type=\"bdevs-page-banner.default\">\n\t\t\t\t<div class=\"elementor-widget-container\">\n\t\t\t\t\t  \r\n    <!-- Banner Section Start -->\r\n        <section class=\"banner-area pt-220 pb-250 rpt-150 rpb-100 corner-shapes-wrap\" style=\"background-image: url(https:\/\/enestateturkiye.com\/wp-content\/uploads\/2025\/08\/1-1-1-scaled.jpg);\">\r\n            <div class=\"corner-shapes\"><\/div>\r\n        <div class=\"container container-1170 pb-200 rpb-0\">\r\n            <div class=\"row align-items-center justify-content-between\">\r\n                <div class=\"col-xl-8 col-lg-12\">\r\n                    <div class=\"banner-content rmb-65 wow fadeInUp delay-0-2s\">\r\n                        <nav aria-label=\"breadcrumb\" class=\"mb-35 rmb-20\">\r\n                            <ol class=\"breadcrumb wow fadeInUp delay-0-4s\">\r\n                                                                <li class=\"breadcrumb-item\"><a href=\"https:\/\/enestateturkiye.com\/tr\/\">Anasayfa<\/a><\/li>\r\n                                                                                                <li class=\"breadcrumb-item active\">Beyond All<\/li>\r\n                                                            <\/ol>\r\n                        <\/nav>\r\n                                                <h1>BEYOND ALL<\/h1>\r\n                                                                    <\/div>\r\n                <\/div>\r\n            <\/div>\r\n        <\/div>\r\n    <\/section>\r\n    <!-- Banner Section End -->\r\n    \t\t\t\t<\/div>\n\t\t\t\t<\/div>\n\t\t\t\t\t<\/div>\n\t\t<\/div>\n\t\t\t\t\t<\/div>\n\t\t<\/section>\n\t\t<div class=\"elementor-element elementor-element-ca1d5f0 e-flex e-con-boxed e-con e-parent\" data-id=\"ca1d5f0\" data-element_type=\"container\" data-e-type=\"container\">\n\t\t\t\t\t<div class=\"e-con-inner\">\n\t\t\t\t<div class=\"elementor-element elementor-element-9d33b85 elementor-widget elementor-widget-heading\" data-id=\"9d33b85\" data-element_type=\"widget\" data-e-type=\"widget\" data-widget_type=\"heading.default\">\n\t\t\t\t\t<h2 class=\"elementor-heading-title elementor-size-default\">Beyond All, otel konforu ve l\u00fcks olanaklarla haz\u0131r ta\u015f\u0131nmaya haz\u0131r konutlar sunar; kendi kullan\u0131m\u0131n\u0131z veya kiralama i\u00e7in idealdir.<\/h2>\t\t\t\t<\/div>\n\t\t\t\t\t<\/div>\n\t\t\t\t<\/div>\n\t\t<div class=\"elementor-element elementor-element-d3d4056 e-flex e-con-boxed e-con e-parent\" data-id=\"d3d4056\" data-element_type=\"container\" data-e-type=\"container\">\n\t\t\t\t\t<div class=\"e-con-inner\">\n\t\t<div class=\"elementor-element elementor-element-a371eb7 e-con-full e-flex e-con e-child\" data-id=\"a371eb7\" data-element_type=\"container\" data-e-type=\"container\" data-settings=\"{&quot;background_background&quot;:&quot;classic&quot;}\">\n\t\t\t\t<div class=\"elementor-element elementor-element-4f9119e elementor-absolute elementor-widget elementor-widget-image\" data-id=\"4f9119e\" data-element_type=\"widget\" data-e-type=\"widget\" data-settings=\"{&quot;_position&quot;:&quot;absolute&quot;}\" data-widget_type=\"image.default\">\n\t\t\t\t\t\t\t\t\t\t\t\t\t\t\t<img fetchpriority=\"high\" decoding=\"async\" width=\"2560\" height=\"1440\" src=\"https:\/\/enestateturkiye.com\/wp-content\/uploads\/2025\/08\/11-4-scaled.jpg\" class=\"attachment-full size-full wp-image-2266\" alt=\"\" srcset=\"https:\/\/enestateturkiye.com\/wp-content\/uploads\/2025\/08\/11-4-scaled.jpg 2560w, https:\/\/enestateturkiye.com\/wp-content\/uploads\/2025\/08\/11-4-300x169.jpg 300w, https:\/\/enestateturkiye.com\/wp-content\/uploads\/2025\/08\/11-4-1024x576.jpg 1024w, https:\/\/enestateturkiye.com\/wp-content\/uploads\/2025\/08\/11-4-768x432.jpg 768w, https:\/\/enestateturkiye.com\/wp-content\/uploads\/2025\/08\/11-4-1536x864.jpg 1536w, https:\/\/enestateturkiye.com\/wp-content\/uploads\/2025\/08\/11-4-2048x1152.jpg 2048w\" sizes=\"(max-width: 2560px) 100vw, 2560px\" \/>\t\t\t\t\t\t\t\t\t\t\t\t\t\t\t<\/div>\n\t\t\t\t<div class=\"elementor-element elementor-element-456a068 elementor-absolute elementor-widget elementor-widget-image\" data-id=\"456a068\" data-element_type=\"widget\" data-e-type=\"widget\" data-settings=\"{&quot;_position&quot;:&quot;absolute&quot;}\" data-widget_type=\"image.default\">\n\t\t\t\t\t\t\t\t\t\t\t\t\t\t\t<img decoding=\"async\" width=\"2560\" height=\"1440\" src=\"https:\/\/enestateturkiye.com\/wp-content\/uploads\/2025\/08\/13-scaled.jpg\" class=\"attachment-full size-full wp-image-2267\" alt=\"\" srcset=\"https:\/\/enestateturkiye.com\/wp-content\/uploads\/2025\/08\/13-scaled.jpg 2560w, https:\/\/enestateturkiye.com\/wp-content\/uploads\/2025\/08\/13-300x169.jpg 300w, https:\/\/enestateturkiye.com\/wp-content\/uploads\/2025\/08\/13-1024x576.jpg 1024w, https:\/\/enestateturkiye.com\/wp-content\/uploads\/2025\/08\/13-768x432.jpg 768w, https:\/\/enestateturkiye.com\/wp-content\/uploads\/2025\/08\/13-1536x864.jpg 1536w, https:\/\/enestateturkiye.com\/wp-content\/uploads\/2025\/08\/13-2048x1152.jpg 2048w\" sizes=\"(max-width: 2560px) 100vw, 2560px\" \/>\t\t\t\t\t\t\t\t\t\t\t\t\t\t\t<\/div>\n\t\t\t\t<div class=\"elementor-element elementor-element-f008d75 elementor-absolute elementor-widget elementor-widget-elementskit-video\" data-id=\"f008d75\" data-element_type=\"widget\" data-e-type=\"widget\" data-settings=\"{&quot;_position&quot;:&quot;absolute&quot;}\" data-widget_type=\"elementskit-video.default\">\n\t\t\t\t<div class=\"elementor-widget-container\">\n\t\t\t\t\t<div class=\"ekit-wid-con\" >\t\t<div class=\"video-content\" data-video-player=\"[]\" data-video-setting=\"{&quot;videoVolume&quot;:&quot;horizontal&quot;,&quot;startVolume&quot;:0.8,&quot;videoType&quot;:&quot;iframe&quot;,&quot;videoClass&quot;:&quot;mfp-fade&quot;,&quot;popupIcon&quot;:{&quot;value&quot;:&quot;icon icon-cancel&quot;,&quot;library&quot;:&quot;ekiticons&quot;},&quot;videoStyle&quot;:&quot;popup&quot;,&quot;videoTypeName&quot;:&quot;youtube&quot;,&quot;autoplay&quot;:false,&quot;muted&quot;:false,&quot;loop&quot;:false}\">\n\t\t\t\n<a class=\"ekit_icon_button glow-ripple ekit-video-popup ekit-video-popup-btn\" href=\"?playlist=&amp;mute=0&amp;autoplay=0&amp;loop=no&amp;controls=0&amp;start=0&amp;end=\" aria-label=\"video-popup\">\n\t\t\t\t<i aria-hidden=\"true\" class=\"icon icon-play\"><\/i>\t\t\n\t\t\t<\/a>\n\t\t\t\t\t<\/div>\n\t\t<\/div>\t\t\t\t<\/div>\n\t\t\t\t<\/div>\n\t\t\t\t<div class=\"elementor-element elementor-element-53dc8d1 elementor-widget elementor-widget-image\" data-id=\"53dc8d1\" data-element_type=\"widget\" data-e-type=\"widget\" data-widget_type=\"image.default\">\n\t\t\t\t\t\t\t\t\t\t\t\t\t\t\t<img decoding=\"async\" width=\"1600\" height=\"1200\" src=\"https:\/\/enestateturkiye.com\/wp-content\/uploads\/2023\/10\/StockSnap_HGVQPNFUDV.jpg\" class=\"attachment-full size-full wp-image-660\" alt=\"\" srcset=\"https:\/\/enestateturkiye.com\/wp-content\/uploads\/2023\/10\/StockSnap_HGVQPNFUDV.jpg 1600w, https:\/\/enestateturkiye.com\/wp-content\/uploads\/2023\/10\/StockSnap_HGVQPNFUDV-300x225.jpg 300w, https:\/\/enestateturkiye.com\/wp-content\/uploads\/2023\/10\/StockSnap_HGVQPNFUDV-1024x768.jpg 1024w, https:\/\/enestateturkiye.com\/wp-content\/uploads\/2023\/10\/StockSnap_HGVQPNFUDV-768x576.jpg 768w, https:\/\/enestateturkiye.com\/wp-content\/uploads\/2023\/10\/StockSnap_HGVQPNFUDV-1536x1152.jpg 1536w\" sizes=\"(max-width: 1600px) 100vw, 1600px\" \/>\t\t\t\t\t\t\t\t\t\t\t\t\t\t\t<\/div>\n\t\t\t\t<\/div>\n\t\t<div class=\"elementor-element elementor-element-e35ceb2 e-con-full e-flex e-con e-child\" data-id=\"e35ceb2\" data-element_type=\"container\" data-e-type=\"container\">\n\t\t\t\t<div class=\"elementor-element elementor-element-eea8dcb elementor-widget elementor-widget-text-editor\" data-id=\"eea8dcb\" data-element_type=\"widget\" data-e-type=\"widget\" data-widget_type=\"text-editor.default\">\n\t\t\t\t\t\t\t\t\t<p class=\"p1\">Beyond All, l\u00fcks ve konforu bir araya getirmek isteyenler i\u00e7in tasarlanm\u0131\u015f, otel konseptine sahip, ta\u015f\u0131nmaya haz\u0131r bir konut projesidir. Antalya'n\u0131n elveri\u015fli bir konumunda yer alan kompleks, a\u00e7\u0131k ve kapal\u0131 y\u00fczme havuzlar\u0131, spor sahalar\u0131, ye\u015fil alanlar ve 7\/24 g\u00fcvenlik hizmetine sahiptir.<\/p><p class=\"p1\">Daireler modern bir \u015fekilde d\u00f6\u015fenmi\u015f olup yerden \u0131s\u0131tma, konforlu cam, klima, ak\u0131ll\u0131 teknoloji ve tam donan\u0131ml\u0131 mutfak ve banyolar ile donat\u0131lm\u0131\u015ft\u0131r. Y\u00fcksek kaliteli olanaklar\u0131 ve otel konsepti sayesinde Beyond All, konforlu bir ya\u015fam ve Airbnb gibi platformlar \u00fczerinden kiralama i\u00e7in m\u00fckemmel bir se\u00e7imdir.<\/p>\t\t\t\t\t\t\t\t<\/div>\n\t\t\t\t<\/div>\n\t\t\t\t\t<\/div>\n\t\t\t\t<\/div>\n\t\t<div class=\"elementor-element elementor-element-35b9fd8 e-flex e-con-boxed e-con e-parent\" data-id=\"35b9fd8\" data-element_type=\"container\" data-e-type=\"container\" data-settings=\"{&quot;background_background&quot;:&quot;classic&quot;}\">\n\t\t\t\t\t<div class=\"e-con-inner\">\n\t\t<div class=\"elementor-element elementor-element-1a5eca3 e-con-full e-flex e-con e-child\" data-id=\"1a5eca3\" data-element_type=\"container\" data-e-type=\"container\">\n\t\t\t\t<div class=\"elementor-element elementor-element-9f2169e elementor-widget elementor-widget-heading\" data-id=\"9f2169e\" data-element_type=\"widget\" data-e-type=\"widget\" data-widget_type=\"heading.default\">\n\t\t\t\t\t<h2 class=\"elementor-heading-title elementor-size-default\">Konum<\/h2>\t\t\t\t<\/div>\n\t\t\t\t<div class=\"elementor-element elementor-element-86a01f2 elementor-widget elementor-widget-text-editor\" data-id=\"86a01f2\" data-element_type=\"widget\" data-e-type=\"widget\" data-widget_type=\"text-editor.default\">\n\t\t\t\t\t\t\t\t\t<p>Antalya \/ Alt\u0131ntas<\/p>\t\t\t\t\t\t\t\t<\/div>\n\t\t\t\t<\/div>\n\t\t<div class=\"elementor-element elementor-element-c50d8dd e-con-full e-flex e-con e-child\" data-id=\"c50d8dd\" data-element_type=\"container\" data-e-type=\"container\">\n\t\t\t\t<div class=\"elementor-element elementor-element-00eed3d elementor-widget elementor-widget-heading\" data-id=\"00eed3d\" data-element_type=\"widget\" data-e-type=\"widget\" data-widget_type=\"heading.default\">\n\t\t\t\t\t<h2 class=\"elementor-heading-title elementor-size-default\">Daire<\/h2>\t\t\t\t<\/div>\n\t\t\t\t<div class=\"elementor-element elementor-element-fb1cb75 elementor-widget elementor-widget-text-editor\" data-id=\"fb1cb75\" data-element_type=\"widget\" data-e-type=\"widget\" data-widget_type=\"text-editor.default\">\n\t\t\t\t\t\t\t\t\t<p>239<\/p>\t\t\t\t\t\t\t\t<\/div>\n\t\t\t\t<\/div>\n\t\t<div class=\"elementor-element elementor-element-cf65182 e-con-full e-flex e-con e-child\" data-id=\"cf65182\" data-element_type=\"container\" data-e-type=\"container\">\n\t\t\t\t<div class=\"elementor-element elementor-element-bd50661 elementor-widget elementor-widget-heading\" data-id=\"bd50661\" data-element_type=\"widget\" data-e-type=\"widget\" data-widget_type=\"heading.default\">\n\t\t\t\t\t<h2 class=\"elementor-heading-title elementor-size-default\">Alan<\/h2>\t\t\t\t<\/div>\n\t\t\t\t<div class=\"elementor-element elementor-element-54fd6ea elementor-widget elementor-widget-text-editor\" data-id=\"54fd6ea\" data-element_type=\"widget\" data-e-type=\"widget\" data-widget_type=\"text-editor.default\">\n\t\t\t\t\t\t\t\t\t<p>14.350 m\u00b2<\/p>\t\t\t\t\t\t\t\t<\/div>\n\t\t\t\t<\/div>\n\t\t<div class=\"elementor-element elementor-element-579f92b e-con-full e-flex e-con e-child\" data-id=\"579f92b\" data-element_type=\"container\" data-e-type=\"container\">\n\t\t\t\t<div class=\"elementor-element elementor-element-e813910 elementor-widget elementor-widget-heading\" data-id=\"e813910\" data-element_type=\"widget\" data-e-type=\"widget\" data-widget_type=\"heading.default\">\n\t\t\t\t\t<h2 class=\"elementor-heading-title elementor-size-default\">Teslim tarihi<\/h2>\t\t\t\t<\/div>\n\t\t\t\t<div class=\"elementor-element elementor-element-1c44249 elementor-widget elementor-widget-text-editor\" data-id=\"1c44249\" data-element_type=\"widget\" data-e-type=\"widget\" data-widget_type=\"text-editor.default\">\n\t\t\t\t\t\t\t\t\t<p>Aral\u0131k 2024<\/p>\t\t\t\t\t\t\t\t<\/div>\n\t\t\t\t<\/div>\n\t\t\t\t\t<\/div>\n\t\t\t\t<\/div>\n\t\t<div class=\"elementor-element elementor-element-a5084ce e-flex e-con-boxed e-con e-parent\" data-id=\"a5084ce\" data-element_type=\"container\" data-e-type=\"container\">\n\t\t\t\t\t<div class=\"e-con-inner\">\n\t\t\t\t<div class=\"elementor-element elementor-element-485ca24 gallery-spacing-custom elementor-widget elementor-widget-image-gallery\" data-id=\"485ca24\" data-element_type=\"widget\" data-e-type=\"widget\" data-widget_type=\"image-gallery.default\">\n\t\t\t\t\t\t\t<div class=\"elementor-image-gallery\">\n\t\t\t\n\t\t<style type=\"text\/css\">\n\t\t\t#gallery-1 {\n\t\t\t\tmargin: auto;\n\t\t\t}\n\t\t\t#gallery-1 .gallery-item {\n\t\t\t\tfloat: left;\n\t\t\t\tmargin-top: 10px;\n\t\t\t\ttext-align: center;\n\t\t\t\twidth: 25%;\n\t\t\t}\n\t\t\t#gallery-1 img {\n\t\t\t\tborder: 2px solid #cfcfcf;\n\t\t\t}\n\t\t\t#gallery-1 .gallery-caption {\n\t\t\t\tmargin-left: 0;\n\t\t\t}\n\t\t\t\/* see gallery_shortcode() in wp-includes\/media.php *\/\n\t\t<\/style>\n\t\t<div id='gallery-1' class='gallery galleryid-2232 gallery-columns-4 gallery-size-large'><dl class='gallery-item'>\n\t\t\t<dt class='gallery-icon landscape'>\n\t\t\t\t<a data-elementor-open-lightbox=\"yes\" data-elementor-lightbox-slideshow=\"485ca24\" data-elementor-lightbox-title=\"9 (4)\" data-e-action-hash=\"#elementor-action%3Aaction%3Dlightbox%26settings%3DeyJpZCI6MjI2NSwidXJsIjoiaHR0cHM6XC9cL2VuZXN0YXRldHVya2l5ZS5jb21cL3dwLWNvbnRlbnRcL3VwbG9hZHNcLzIwMjVcLzA4XC85LTQtc2NhbGVkLmpwZyIsInNsaWRlc2hvdyI6IjQ4NWNhMjQifQ%3D%3D\" href='https:\/\/enestateturkiye.com\/wp-content\/uploads\/2025\/08\/9-4-scaled.jpg'><img loading=\"lazy\" decoding=\"async\" width=\"900\" height=\"506\" src=\"https:\/\/enestateturkiye.com\/wp-content\/uploads\/2025\/08\/9-4-1024x576.jpg\" class=\"attachment-large size-large\" alt=\"\" srcset=\"https:\/\/enestateturkiye.com\/wp-content\/uploads\/2025\/08\/9-4-1024x576.jpg 1024w, https:\/\/enestateturkiye.com\/wp-content\/uploads\/2025\/08\/9-4-300x169.jpg 300w, https:\/\/enestateturkiye.com\/wp-content\/uploads\/2025\/08\/9-4-768x432.jpg 768w, https:\/\/enestateturkiye.com\/wp-content\/uploads\/2025\/08\/9-4-1536x864.jpg 1536w, https:\/\/enestateturkiye.com\/wp-content\/uploads\/2025\/08\/9-4-2048x1152.jpg 2048w\" sizes=\"(max-width: 900px) 100vw, 900px\" \/><\/a>\n\t\t\t<\/dt><\/dl><dl class='gallery-item'>\n\t\t\t<dt class='gallery-icon landscape'>\n\t\t\t\t<a data-elementor-open-lightbox=\"yes\" data-elementor-lightbox-slideshow=\"485ca24\" data-elementor-lightbox-title=\"11 (4)\" data-e-action-hash=\"#elementor-action%3Aaction%3Dlightbox%26settings%3DeyJpZCI6MjI2NiwidXJsIjoiaHR0cHM6XC9cL2VuZXN0YXRldHVya2l5ZS5jb21cL3dwLWNvbnRlbnRcL3VwbG9hZHNcLzIwMjVcLzA4XC8xMS00LXNjYWxlZC5qcGciLCJzbGlkZXNob3ciOiI0ODVjYTI0In0%3D\" href='https:\/\/enestateturkiye.com\/wp-content\/uploads\/2025\/08\/11-4-scaled.jpg'><img loading=\"lazy\" decoding=\"async\" width=\"900\" height=\"506\" src=\"https:\/\/enestateturkiye.com\/wp-content\/uploads\/2025\/08\/11-4-1024x576.jpg\" class=\"attachment-large size-large\" alt=\"\" srcset=\"https:\/\/enestateturkiye.com\/wp-content\/uploads\/2025\/08\/11-4-1024x576.jpg 1024w, https:\/\/enestateturkiye.com\/wp-content\/uploads\/2025\/08\/11-4-300x169.jpg 300w, https:\/\/enestateturkiye.com\/wp-content\/uploads\/2025\/08\/11-4-768x432.jpg 768w, https:\/\/enestateturkiye.com\/wp-content\/uploads\/2025\/08\/11-4-1536x864.jpg 1536w, https:\/\/enestateturkiye.com\/wp-content\/uploads\/2025\/08\/11-4-2048x1152.jpg 2048w\" sizes=\"(max-width: 900px) 100vw, 900px\" \/><\/a>\n\t\t\t<\/dt><\/dl><dl class='gallery-item'>\n\t\t\t<dt class='gallery-icon landscape'>\n\t\t\t\t<a data-elementor-open-lightbox=\"yes\" data-elementor-lightbox-slideshow=\"485ca24\" data-elementor-lightbox-title=\"13\" data-e-action-hash=\"#elementor-action%3Aaction%3Dlightbox%26settings%3DeyJpZCI6MjI2NywidXJsIjoiaHR0cHM6XC9cL2VuZXN0YXRldHVya2l5ZS5jb21cL3dwLWNvbnRlbnRcL3VwbG9hZHNcLzIwMjVcLzA4XC8xMy1zY2FsZWQuanBnIiwic2xpZGVzaG93IjoiNDg1Y2EyNCJ9\" href='https:\/\/enestateturkiye.com\/wp-content\/uploads\/2025\/08\/13-scaled.jpg'><img loading=\"lazy\" decoding=\"async\" width=\"900\" height=\"506\" src=\"https:\/\/enestateturkiye.com\/wp-content\/uploads\/2025\/08\/13-1024x576.jpg\" class=\"attachment-large size-large\" alt=\"\" srcset=\"https:\/\/enestateturkiye.com\/wp-content\/uploads\/2025\/08\/13-1024x576.jpg 1024w, https:\/\/enestateturkiye.com\/wp-content\/uploads\/2025\/08\/13-300x169.jpg 300w, https:\/\/enestateturkiye.com\/wp-content\/uploads\/2025\/08\/13-768x432.jpg 768w, https:\/\/enestateturkiye.com\/wp-content\/uploads\/2025\/08\/13-1536x864.jpg 1536w, https:\/\/enestateturkiye.com\/wp-content\/uploads\/2025\/08\/13-2048x1152.jpg 2048w\" sizes=\"(max-width: 900px) 100vw, 900px\" \/><\/a>\n\t\t\t<\/dt><\/dl><dl class='gallery-item'>\n\t\t\t<dt class='gallery-icon landscape'>\n\t\t\t\t<a data-elementor-open-lightbox=\"yes\" data-elementor-lightbox-slideshow=\"485ca24\" data-elementor-lightbox-title=\"17\" data-e-action-hash=\"#elementor-action%3Aaction%3Dlightbox%26settings%3DeyJpZCI6MjI2OCwidXJsIjoiaHR0cHM6XC9cL2VuZXN0YXRldHVya2l5ZS5jb21cL3dwLWNvbnRlbnRcL3VwbG9hZHNcLzIwMjVcLzA4XC8xNy1zY2FsZWQuanBnIiwic2xpZGVzaG93IjoiNDg1Y2EyNCJ9\" href='https:\/\/enestateturkiye.com\/wp-content\/uploads\/2025\/08\/17-scaled.jpg'><img loading=\"lazy\" decoding=\"async\" width=\"900\" height=\"506\" src=\"https:\/\/enestateturkiye.com\/wp-content\/uploads\/2025\/08\/17-1024x576.jpg\" class=\"attachment-large size-large\" alt=\"\" srcset=\"https:\/\/enestateturkiye.com\/wp-content\/uploads\/2025\/08\/17-1024x576.jpg 1024w, https:\/\/enestateturkiye.com\/wp-content\/uploads\/2025\/08\/17-300x169.jpg 300w, https:\/\/enestateturkiye.com\/wp-content\/uploads\/2025\/08\/17-768x432.jpg 768w, https:\/\/enestateturkiye.com\/wp-content\/uploads\/2025\/08\/17-1536x864.jpg 1536w, https:\/\/enestateturkiye.com\/wp-content\/uploads\/2025\/08\/17-2048x1152.jpg 2048w\" sizes=\"(max-width: 900px) 100vw, 900px\" \/><\/a>\n\t\t\t<\/dt><\/dl><br style=\"clear: both\" \/><dl class='gallery-item'>\n\t\t\t<dt class='gallery-icon landscape'>\n\t\t\t\t<a data-elementor-open-lightbox=\"yes\" data-elementor-lightbox-slideshow=\"485ca24\" data-elementor-lightbox-title=\"8 (4)\" data-e-action-hash=\"#elementor-action%3Aaction%3Dlightbox%26settings%3DeyJpZCI6MjI2OSwidXJsIjoiaHR0cHM6XC9cL2VuZXN0YXRldHVya2l5ZS5jb21cL3dwLWNvbnRlbnRcL3VwbG9hZHNcLzIwMjVcLzA4XC84LTQtc2NhbGVkLmpwZyIsInNsaWRlc2hvdyI6IjQ4NWNhMjQifQ%3D%3D\" href='https:\/\/enestateturkiye.com\/wp-content\/uploads\/2025\/08\/8-4-scaled.jpg'><img loading=\"lazy\" decoding=\"async\" width=\"900\" height=\"506\" src=\"https:\/\/enestateturkiye.com\/wp-content\/uploads\/2025\/08\/8-4-1024x576.jpg\" class=\"attachment-large size-large\" alt=\"\" srcset=\"https:\/\/enestateturkiye.com\/wp-content\/uploads\/2025\/08\/8-4-1024x576.jpg 1024w, https:\/\/enestateturkiye.com\/wp-content\/uploads\/2025\/08\/8-4-300x169.jpg 300w, https:\/\/enestateturkiye.com\/wp-content\/uploads\/2025\/08\/8-4-768x432.jpg 768w, https:\/\/enestateturkiye.com\/wp-content\/uploads\/2025\/08\/8-4-1536x864.jpg 1536w, https:\/\/enestateturkiye.com\/wp-content\/uploads\/2025\/08\/8-4-2048x1152.jpg 2048w\" sizes=\"(max-width: 900px) 100vw, 900px\" \/><\/a>\n\t\t\t<\/dt><\/dl><dl class='gallery-item'>\n\t\t\t<dt class='gallery-icon landscape'>\n\t\t\t\t<a data-elementor-open-lightbox=\"yes\" data-elementor-lightbox-slideshow=\"485ca24\" data-elementor-lightbox-title=\"7 (4)\" data-e-action-hash=\"#elementor-action%3Aaction%3Dlightbox%26settings%3DeyJpZCI6MjI3MCwidXJsIjoiaHR0cHM6XC9cL2VuZXN0YXRldHVya2l5ZS5jb21cL3dwLWNvbnRlbnRcL3VwbG9hZHNcLzIwMjVcLzA4XC83LTQtc2NhbGVkLmpwZyIsInNsaWRlc2hvdyI6IjQ4NWNhMjQifQ%3D%3D\" href='https:\/\/enestateturkiye.com\/wp-content\/uploads\/2025\/08\/7-4-scaled.jpg'><img loading=\"lazy\" decoding=\"async\" width=\"900\" height=\"506\" src=\"https:\/\/enestateturkiye.com\/wp-content\/uploads\/2025\/08\/7-4-1024x576.jpg\" class=\"attachment-large size-large\" alt=\"\" srcset=\"https:\/\/enestateturkiye.com\/wp-content\/uploads\/2025\/08\/7-4-1024x576.jpg 1024w, https:\/\/enestateturkiye.com\/wp-content\/uploads\/2025\/08\/7-4-300x169.jpg 300w, https:\/\/enestateturkiye.com\/wp-content\/uploads\/2025\/08\/7-4-768x432.jpg 768w, https:\/\/enestateturkiye.com\/wp-content\/uploads\/2025\/08\/7-4-1536x864.jpg 1536w, https:\/\/enestateturkiye.com\/wp-content\/uploads\/2025\/08\/7-4-2048x1152.jpg 2048w\" sizes=\"(max-width: 900px) 100vw, 900px\" \/><\/a>\n\t\t\t<\/dt><\/dl><dl class='gallery-item'>\n\t\t\t<dt class='gallery-icon landscape'>\n\t\t\t\t<a data-elementor-open-lightbox=\"yes\" data-elementor-lightbox-slideshow=\"485ca24\" data-elementor-lightbox-title=\"5 (4)\" data-e-action-hash=\"#elementor-action%3Aaction%3Dlightbox%26settings%3DeyJpZCI6MjI3MSwidXJsIjoiaHR0cHM6XC9cL2VuZXN0YXRldHVya2l5ZS5jb21cL3dwLWNvbnRlbnRcL3VwbG9hZHNcLzIwMjVcLzA4XC81LTQtc2NhbGVkLmpwZyIsInNsaWRlc2hvdyI6IjQ4NWNhMjQifQ%3D%3D\" href='https:\/\/enestateturkiye.com\/wp-content\/uploads\/2025\/08\/5-4-scaled.jpg'><img loading=\"lazy\" decoding=\"async\" width=\"900\" height=\"506\" src=\"https:\/\/enestateturkiye.com\/wp-content\/uploads\/2025\/08\/5-4-1024x576.jpg\" class=\"attachment-large size-large\" alt=\"\" srcset=\"https:\/\/enestateturkiye.com\/wp-content\/uploads\/2025\/08\/5-4-1024x576.jpg 1024w, https:\/\/enestateturkiye.com\/wp-content\/uploads\/2025\/08\/5-4-300x169.jpg 300w, https:\/\/enestateturkiye.com\/wp-content\/uploads\/2025\/08\/5-4-768x432.jpg 768w, https:\/\/enestateturkiye.com\/wp-content\/uploads\/2025\/08\/5-4-1536x864.jpg 1536w, https:\/\/enestateturkiye.com\/wp-content\/uploads\/2025\/08\/5-4-2048x1152.jpg 2048w\" sizes=\"(max-width: 900px) 100vw, 900px\" \/><\/a>\n\t\t\t<\/dt><\/dl><dl class='gallery-item'>\n\t\t\t<dt class='gallery-icon landscape'>\n\t\t\t\t<a data-elementor-open-lightbox=\"yes\" data-elementor-lightbox-slideshow=\"485ca24\" data-elementor-lightbox-title=\"3 (4)\" data-e-action-hash=\"#elementor-action%3Aaction%3Dlightbox%26settings%3DeyJpZCI6MjI3MiwidXJsIjoiaHR0cHM6XC9cL2VuZXN0YXRldHVya2l5ZS5jb21cL3dwLWNvbnRlbnRcL3VwbG9hZHNcLzIwMjVcLzA4XC8zLTQtc2NhbGVkLmpwZyIsInNsaWRlc2hvdyI6IjQ4NWNhMjQifQ%3D%3D\" href='https:\/\/enestateturkiye.com\/wp-content\/uploads\/2025\/08\/3-4-scaled.jpg'><img loading=\"lazy\" decoding=\"async\" width=\"900\" height=\"506\" src=\"https:\/\/enestateturkiye.com\/wp-content\/uploads\/2025\/08\/3-4-1024x576.jpg\" class=\"attachment-large size-large\" alt=\"\" srcset=\"https:\/\/enestateturkiye.com\/wp-content\/uploads\/2025\/08\/3-4-1024x576.jpg 1024w, https:\/\/enestateturkiye.com\/wp-content\/uploads\/2025\/08\/3-4-300x169.jpg 300w, https:\/\/enestateturkiye.com\/wp-content\/uploads\/2025\/08\/3-4-768x432.jpg 768w, https:\/\/enestateturkiye.com\/wp-content\/uploads\/2025\/08\/3-4-1536x864.jpg 1536w, https:\/\/enestateturkiye.com\/wp-content\/uploads\/2025\/08\/3-4-2048x1152.jpg 2048w\" sizes=\"(max-width: 900px) 100vw, 900px\" \/><\/a>\n\t\t\t<\/dt><\/dl><br style=\"clear: both\" \/><dl class='gallery-item'>\n\t\t\t<dt class='gallery-icon landscape'>\n\t\t\t\t<a data-elementor-open-lightbox=\"yes\" data-elementor-lightbox-slideshow=\"485ca24\" data-elementor-lightbox-title=\"1 (1)\" data-e-action-hash=\"#elementor-action%3Aaction%3Dlightbox%26settings%3DeyJpZCI6MjI3MywidXJsIjoiaHR0cHM6XC9cL2VuZXN0YXRldHVya2l5ZS5jb21cL3dwLWNvbnRlbnRcL3VwbG9hZHNcLzIwMjVcLzA4XC8xLTEtMS1zY2FsZWQuanBnIiwic2xpZGVzaG93IjoiNDg1Y2EyNCJ9\" href='https:\/\/enestateturkiye.com\/wp-content\/uploads\/2025\/08\/1-1-1-scaled.jpg'><img loading=\"lazy\" decoding=\"async\" width=\"900\" height=\"506\" src=\"https:\/\/enestateturkiye.com\/wp-content\/uploads\/2025\/08\/1-1-1-1024x576.jpg\" class=\"attachment-large size-large\" alt=\"\" srcset=\"https:\/\/enestateturkiye.com\/wp-content\/uploads\/2025\/08\/1-1-1-1024x576.jpg 1024w, https:\/\/enestateturkiye.com\/wp-content\/uploads\/2025\/08\/1-1-1-300x169.jpg 300w, https:\/\/enestateturkiye.com\/wp-content\/uploads\/2025\/08\/1-1-1-768x432.jpg 768w, https:\/\/enestateturkiye.com\/wp-content\/uploads\/2025\/08\/1-1-1-1536x864.jpg 1536w, https:\/\/enestateturkiye.com\/wp-content\/uploads\/2025\/08\/1-1-1-2048x1152.jpg 2048w\" sizes=\"(max-width: 900px) 100vw, 900px\" \/><\/a>\n\t\t\t<\/dt><\/dl>\n\t\t\t<br style='clear: both' \/>\n\t\t<\/div>\n\t\t<\/div>\n\t\t\t\t\t\t<\/div>\n\t\t\t\t\t<\/div>\n\t\t\t\t<\/div>\n\t\t\t\t<\/div>","protected":false},"excerpt":{"rendered":"<p>Home Beyond All BEYOND ALL Beyond All biedt instapklaar wonen met hotelcomfort en luxe faciliteiten, ideaal voor eigen gebruik of verhuur Beyond All is een instapklaar woonproject met hotelconcept, ontworpen voor wie luxe en gemak wil combineren. Gelegen op een gunstige locatie in Antalya, beschikt het complex over open en gesloten zwembaden, sportvelden, groene zones [&hellip;]<\/p>","protected":false},"author":2,"featured_media":0,"parent":0,"menu_order":0,"comment_status":"closed","ping_status":"closed","template":"page-templates\/home.php","meta":{"_monsterinsights_skip_tracking":false,"_monsterinsights_sitenote_active":false,"_monsterinsights_sitenote_note":"","_monsterinsights_sitenote_category":0,"footnotes":""},"class_list":["post-2232","page","type-page","status-publish","hentry"],"_links":{"self":[{"href":"https:\/\/enestateturkiye.com\/tr\/wp-json\/wp\/v2\/pages\/2232","targetHints":{"allow":["GET"]}}],"collection":[{"href":"https:\/\/enestateturkiye.com\/tr\/wp-json\/wp\/v2\/pages"}],"about":[{"href":"https:\/\/enestateturkiye.com\/tr\/wp-json\/wp\/v2\/types\/page"}],"author":[{"embeddable":true,"href":"https:\/\/enestateturkiye.com\/tr\/wp-json\/wp\/v2\/users\/2"}],"replies":[{"embeddable":true,"href":"https:\/\/enestateturkiye.com\/tr\/wp-json\/wp\/v2\/comments?post=2232"}],"version-history":[{"count":17,"href":"https:\/\/enestateturkiye.com\/tr\/wp-json\/wp\/v2\/pages\/2232\/revisions"}],"predecessor-version":[{"id":3092,"href":"https:\/\/enestateturkiye.com\/tr\/wp-json\/wp\/v2\/pages\/2232\/revisions\/3092"}],"wp:attachment":[{"href":"https:\/\/enestateturkiye.com\/tr\/wp-json\/wp\/v2\/media?parent=2232"}],"curies":[{"name":"wp","href":"https:\/\/api.w.org\/{rel}","templated":true}]}}