{"id":227,"date":"2024-02-08T10:02:01","date_gmt":"2024-02-08T10:02:01","guid":{"rendered":"https:\/\/daxx.lohatheme.com\/?page_id=227"},"modified":"2026-01-22T16:06:03","modified_gmt":"2026-01-22T13:06:03","slug":"contacteer-ons","status":"publish","type":"page","link":"https:\/\/enestateturkiye.com\/nl\/contacteer-ons\/","title":{"rendered":"Contacteer ons"},"content":{"rendered":"\t\t<div data-elementor-type=\"wp-page\" data-elementor-id=\"227\" class=\"elementor elementor-227\">\n\t\t\t\t\t\t<section class=\"elementor-section elementor-top-section elementor-element elementor-element-f2993df elementor-section-full_width elementor-section-height-default elementor-section-height-default\" data-id=\"f2993df\" data-element_type=\"section\" data-e-type=\"section\">\n\t\t\t\t\t\t<div class=\"elementor-container elementor-column-gap-no\">\n\t\t\t\t\t<div class=\"elementor-column elementor-col-100 elementor-top-column elementor-element elementor-element-39f80bf\" data-id=\"39f80bf\" data-element_type=\"column\" data-e-type=\"column\">\n\t\t\t<div class=\"elementor-widget-wrap elementor-element-populated\">\n\t\t\t\t\t\t<div class=\"elementor-element elementor-element-afbd2ec elementor-align-left elementor-widget elementor-widget-bdevs-page-banner\" data-id=\"afbd2ec\" data-element_type=\"widget\" data-e-type=\"widget\" data-widget_type=\"bdevs-page-banner.default\">\n\t\t\t\t<div class=\"elementor-widget-container\">\n\t\t\t\t\t  \r\n    <!-- Banner Section Start -->\r\n        <section class=\"banner-area pt-220 pb-250 rpt-150 rpb-100 corner-shapes-wrap\" style=\"background-image: url(https:\/\/enestateturkiye.com\/wp-content\/uploads\/2026\/01\/8811.jpg);\">\r\n            <div class=\"corner-shapes\"><\/div>\r\n        <div class=\"container container-1170 pb-200 rpb-0\">\r\n            <div class=\"row align-items-center justify-content-between\">\r\n                <div class=\"col-xl-8 col-lg-12\">\r\n                    <div class=\"banner-content rmb-65 wow fadeInUp delay-0-2s\">\r\n                        <nav aria-label=\"breadcrumb\" class=\"mb-35 rmb-20\">\r\n                            <ol class=\"breadcrumb wow fadeInUp delay-0-4s\">\r\n                                                                <li class=\"breadcrumb-item\"><a href=\"https:\/\/enestateturkiye.com\/nl\/\">Startpagina<\/a><\/li>\r\n                                                                                                <li class=\"breadcrumb-item active\">Contact<\/li>\r\n                                                            <\/ol>\r\n                        <\/nav>\r\n                                                <h1>Neem nu contact op<\/h1>\r\n                                                                    <\/div>\r\n                <\/div>\r\n            <\/div>\r\n        <\/div>\r\n    <\/section>\r\n    <!-- Banner Section End -->\r\n    \t\t\t\t<\/div>\n\t\t\t\t<\/div>\n\t\t\t\t\t<\/div>\n\t\t<\/div>\n\t\t\t\t\t<\/div>\n\t\t<\/section>\n\t\t\t\t<section class=\"elementor-section elementor-top-section elementor-element elementor-element-d29e4e9 elementor-section-full_width elementor-section-height-default elementor-section-height-default\" data-id=\"d29e4e9\" data-element_type=\"section\" data-e-type=\"section\">\n\t\t\t\t\t\t<div class=\"elementor-container elementor-column-gap-no\">\n\t\t\t\t\t<div class=\"elementor-column elementor-col-100 elementor-top-column elementor-element elementor-element-d6a0917\" data-id=\"d6a0917\" data-element_type=\"column\" data-e-type=\"column\">\n\t\t\t<div class=\"elementor-widget-wrap elementor-element-populated\">\n\t\t\t\t\t\t<div class=\"elementor-element elementor-element-9cbc2ea elementor-align-left elementor-widget elementor-widget-bdevs-contact\" data-id=\"9cbc2ea\" data-element_type=\"widget\" data-e-type=\"widget\" data-widget_type=\"bdevs-contact.default\">\n\t\t\t\t<div class=\"elementor-widget-container\">\n\t\t\t\t\t        <!-- Contact Form Area start -->\r\n        <section class=\"contact-area py-120\">\r\n            <div class=\"container\">\r\n                <div class=\"row justify-content-between\">\r\n                    <div class=\"col-xl-4 col-lg-5 wow fadeInLeft delay-0-2s\">\r\n                        <div class=\"section-title mb-60\">\r\n                                                        <span class=\"sub-title mb-60\">SCHRIJF EEN BERICHT<\/span>\r\n                                                                                    <h2>Wij zijn hier om u te helpen.<\/h2>\r\n                                                    <\/div>\r\n                                                <div class=\"contact-info-item\">\r\n                                                        <div class=\"icon\">\r\n                                <i class=\"fas fa-phone-volume\"><\/i>\r\n                            <\/div>\r\n                                                        <div class=\"content\">\r\n                                                                <span class=\"title\">Heeft u vragen?<\/span>\r\n                                                                                                                                <span class=\"text\">\r\n                                                                        <a href=\"tel:\n+90 507 22 00 492 \">\n+90 507 22 00 492 <\/a><\/span>\r\n                                                                                            <\/div>\r\n                        <\/div>\r\n                                                <div class=\"contact-info-item\">\r\n                                                        <div class=\"icon\">\r\n                                <i class=\"fas fa-envelope\"><\/i>\r\n                            <\/div>\r\n                                                        <div class=\"content\">\r\n                                                                <span class=\"title\">Schrijf een e-mail<\/span>\r\n                                                                                                                                <span class=\"text\"><a href=\"mailto:info@enestateturkiye.com\">info@enestateturkiye.com<\/a><\/span>\r\n                                                                                            <\/div>\r\n                        <\/div>\r\n                                                <div class=\"contact-info-item\">\r\n                                                        <div class=\"icon\">\r\n                                <i class=\"fas fa-map-marker-alt\"><\/i>\r\n                            <\/div>\r\n                                                        <div class=\"content\">\r\n                                                                <span class=\"title\">Bezoek op ieder moment<\/span>\r\n                                                                                                                                <span class=\"text\">\u00c7a\u011flayan Mah. Bar\u0131naklar Bul. Atmaca Apt. 2\/2, 07230 Antalya<\/span>\r\n                                                                                            <\/div>\r\n                        <\/div>\r\n                                            <\/div>\r\n                    <div class=\"col-lg-7 wow fadeInRight delay-0-2s\">\r\n                        \n<div class=\"wpcf7 no-js\" id=\"wpcf7-f506-o1\" lang=\"en-US\" dir=\"ltr\" data-wpcf7-id=\"506\">\n<div class=\"screen-reader-response\"><p role=\"status\" aria-live=\"polite\" aria-atomic=\"true\"><\/p> <ul><\/ul><\/div>\n<form action=\"\/nl\/wp-json\/wp\/v2\/pages\/227#wpcf7-f506-o1\" method=\"post\" class=\"wpcf7-form init\" aria-label=\"Contact form\" novalidate=\"novalidate\" data-status=\"init\">\n<fieldset class=\"hidden-fields-container\"><input type=\"hidden\" name=\"_wpcf7\" value=\"506\" \/><input type=\"hidden\" name=\"_wpcf7_version\" value=\"6.1.5\" \/><input type=\"hidden\" name=\"_wpcf7_locale\" value=\"en_US\" \/><input type=\"hidden\" name=\"_wpcf7_unit_tag\" value=\"wpcf7-f506-o1\" \/><input type=\"hidden\" name=\"_wpcf7_container_post\" value=\"0\" \/><input type=\"hidden\" name=\"_wpcf7_posted_data_hash\" value=\"\" \/>\n<\/fieldset>\n<div id=\"contactForm\" class=\"contact-form rmt-55 contactForm\">\n\t<div class=\"form-group\">\n\t\t<p><span class=\"wpcf7-form-control-wrap\" data-name=\"text-370\"><input size=\"40\" maxlength=\"400\" class=\"wpcf7-form-control wpcf7-text wpcf7-validates-as-required form-control\" id=\"name\" aria-required=\"true\" aria-invalid=\"false\" placeholder=\"Name\" value=\"\" type=\"text\" name=\"text-370\" \/><\/span>\n\t\t<\/p>\n\t<\/div>\n\t<div class=\"form-group\">\n\t\t<p><span class=\"wpcf7-form-control-wrap\" data-name=\"email-470\"><input size=\"40\" maxlength=\"400\" class=\"wpcf7-form-control wpcf7-email wpcf7-validates-as-required wpcf7-text wpcf7-validates-as-email form-control\" id=\"email\" aria-required=\"true\" aria-invalid=\"false\" placeholder=\"Email\" value=\"\" type=\"email\" name=\"email-470\" \/><\/span>\n\t\t<\/p>\n\t<\/div>\n\t<div class=\"form-group\">\n\t\t<p><span class=\"wpcf7-form-control-wrap\" data-name=\"textarea-497\"><textarea cols=\"40\" rows=\"9\" maxlength=\"2000\" class=\"wpcf7-form-control wpcf7-textarea wpcf7-validates-as-required form-control\" id=\"message\" aria-required=\"true\" aria-invalid=\"false\" placeholder=\"Message\" name=\"textarea-497\"><\/textarea><\/span>\n\t\t<\/p>\n\t<\/div>\n\t<div class=\"form-group text-center mb-0\">\n\t\t<p><input class=\"wpcf7-form-control wpcf7-submit has-spinner theme-btn style-three w-100\" type=\"submit\" value=\"Stuur een bericht\" \/>\n\t\t<\/p>\n\t<\/div>\n<\/div><div class=\"wpcf7-response-output\" aria-hidden=\"true\"><\/div>\n<\/form>\n<\/div>\n         \r\n                    <\/div>\r\n                <\/div>\r\n            <\/div>\r\n        <\/section>\r\n        <!-- Contact Form Area end --> \r\n    \t\t\t\t<\/div>\n\t\t\t\t<\/div>\n\t\t\t\t\t<\/div>\n\t\t<\/div>\n\t\t\t\t\t<\/div>\n\t\t<\/section>\n\t\t\t\t<\/div>\n\t\t","protected":false},"excerpt":{"rendered":"<p>Startpagina Contact Neem nu contact op SCHRIJF EEN BERICHT Wij zijn hier om u te helpen. Heeft u vragen? +90 507 22 00 492 Schrijf een e-mail info@enestateturkiye.com Bezoek op ieder moment \u00c7a\u011flayan Mah. Bar\u0131naklar Bul. Atmaca Apt. 2\/2, 07230 Antalya<\/p>\n","protected":false},"author":1,"featured_media":0,"parent":0,"menu_order":0,"comment_status":"closed","ping_status":"closed","template":"page-templates\/home.php","meta":{"_monsterinsights_skip_tracking":false,"_monsterinsights_sitenote_active":false,"_monsterinsights_sitenote_note":"","_monsterinsights_sitenote_category":0,"footnotes":""},"class_list":["post-227","page","type-page","status-publish","hentry"],"_links":{"self":[{"href":"https:\/\/enestateturkiye.com\/nl\/wp-json\/wp\/v2\/pages\/227","targetHints":{"allow":["GET"]}}],"collection":[{"href":"https:\/\/enestateturkiye.com\/nl\/wp-json\/wp\/v2\/pages"}],"about":[{"href":"https:\/\/enestateturkiye.com\/nl\/wp-json\/wp\/v2\/types\/page"}],"author":[{"embeddable":true,"href":"https:\/\/enestateturkiye.com\/nl\/wp-json\/wp\/v2\/users\/1"}],"replies":[{"embeddable":true,"href":"https:\/\/enestateturkiye.com\/nl\/wp-json\/wp\/v2\/comments?post=227"}],"version-history":[{"count":26,"href":"https:\/\/enestateturkiye.com\/nl\/wp-json\/wp\/v2\/pages\/227\/revisions"}],"predecessor-version":[{"id":3155,"href":"https:\/\/enestateturkiye.com\/nl\/wp-json\/wp\/v2\/pages\/227\/revisions\/3155"}],"wp:attachment":[{"href":"https:\/\/enestateturkiye.com\/nl\/wp-json\/wp\/v2\/media?parent=227"}],"curies":[{"name":"wp","href":"https:\/\/api.w.org\/{rel}","templated":true}]}}